{"id":10,"date":"2023-11-23T15:10:43","date_gmt":"2023-11-23T14:10:43","guid":{"rendered":"http:\/\/studio-504.com\/?page_id=10"},"modified":"2025-04-09T11:59:50","modified_gmt":"2025-04-09T09:59:50","slug":"services","status":"publish","type":"page","link":"https:\/\/studio-504.com\/index.php\/services\/","title":{"rendered":"Services"},"content":{"rendered":"<div  data-label=\"Content\" data-id=\"content--4\" data-export-id=\"content-12\" data-category=\"content\" class=\"content-12 content-section content-section-spacing\" id=\"content-1\" style=\"background-color: rgb(255, 255, 255);\"><div  class=\"gridContainer\"> <div  class=\"row text-center\"><div  class=\"section-title-col\" data-type=\"column\"> <h2  class=\"\">Nos services pour une prestation de qualit\u00e9<\/h2> <p  class=\"lead\">Nous proposons plusieurs services pour nos artistes :<\/p><\/div> <\/div> <div  class=\"row center-xs middle-xs\"> <div  class=\"col-sm-9\" data-type=\"column\"> <\/div> <\/div><\/div> <\/div><div  data-label=\"proposition de valeur\" data-id=\"overlappable--1\" data-export-id=\"overlappable-4\" data-category=\"overlappable\" class=\"overlappable-4 content-section content-section-spacing content-relative\" data-overlap=\"true\" id=\"proposition-de-valeur\" style=\"background-color: rgb(255, 255, 255);\"><div  class=\"gridContainer\"> <div  data-type=\"row\" class=\"row spaced-cols text-center\"><div  class=\"col-xs-12 col-sm-4 col-padding\"> <i  class=\"fa icon shadow-large-black aligncenter fa-connectdevelop reverse round large color1\"><\/i> <div  data-type=\"column\" class=\"\"> <h5  class=\"\">L\u2019enregistrement<\/h5> <p  class=\"\">La base d\u2019un studio d\u2019enregistrement<\/p><\/div> <\/div> <div  class=\"col-xs-12 col-sm-4 col-padding\"> <i  class=\"fa icon shadow-large-black aligncenter fa-cube reverse round large color1\"><\/i> <div  data-type=\"column\" class=\"\"><h5  class=\"\">Le mixage<\/h5> <p  class=\"\">Fort de nos ann\u00e9es d\u2019exp\u00e9riences et de nos propres mat\u00e9riels analogique et num\u00e9rique<\/p><\/div> <\/div> <div  class=\"col-xs-12 col-sm-4 col-padding\"> <i  class=\"fa icon shadow-large-black aligncenter fa-codepen reverse round large color1\"><\/i> <div  data-type=\"column\" class=\"\"><h5  class=\"\">Le mastering<\/h5> <p  class=\"\">Nombreuses chansons masteris\u00e9s \u00e0 notre actif<\/p><\/div> <\/div><\/div> <\/div><\/div><div  data-label=\"tarifs\" data-id=\"pricing--1\" data-export-id=\"pricing-6\" data-category=\"pricing\" data-featured-class=\"pricing-featured\" class=\"pricing-6 content-section content-section-spacing\" id=\"tarifs\" style=\"background-color: rgb(255, 255, 255);\"><div  class=\"gridContainer\"> <div  class=\"row\"><div  class=\"section-title-col\" data-type=\"column\"> <h2  class=\"\">Nos tarifs<\/h2> <\/div> <\/div> <div  data-type=\"row\" class=\"row spaced-cols\"> <div  class=\"col-xs-12 col-sm-4 text-center col-md-6 \"> <div  data-default=\"no-class\" data-featured=\"shadow-medium card-color1\" data-type=\"column\" class=\"card\"> <h3  data-default=\"no-class\" data-featured=\"lightgray\" class=\"font-300 upper\">eNregistrement<\/h3> <h3  data-default=\"no-class\" data-featured=\"inverted\" class=\"h1\">25\u20ac \/ heure<\/h3>   <p  class=\"\">\u2013 <span  style=\"font-weight: 700;\">80\u20ac<\/span> la demi-journ\u00e9e\n<br >\u2013 <span  style=\"font-weight: 700;\">150\u20ac<\/span> la journ\u00e9e compl\u00e8te\n<br ><br >Ing\u00e9nieur compris<\/p><\/div> <\/div> <div  class=\"col-xs-12 col-sm-4 text-center pricing-featured col-md-6 \"> <div  data-default=\"no-class\" data-featured=\"shadow-medium card-color1\" data-type=\"column\" class=\"card card-color1 shadow-medium\"> <h3  data-default=\"no-class\" data-featured=\"lightgray\" class=\"font-300 upper lightgray\">Mixage<\/h3> <h3  data-default=\"no-class\" data-featured=\"inverted\" class=\"h1 inverted\"><span  style=\"font-weight: 600;\">&nbsp;40\u20ac \/ titre<\/span><\/h3>   <p  class=\"\"><span  style=\"color: rgb(241, 241, 241);\">Titres enregistr\u00e9s au studio :&nbsp;\n<\/span><br ><span  style=\"color: rgb(241, 241, 241);\">\u2013 <span  style=\"font-weight: 700;\">40\u20ac<\/span> le titre\n<\/span><br ><span  style=\"color: rgb(241, 241, 241);\">\u2013 <span  style=\"font-weight: 700;\">200\u20ac<\/span> l\u2019album<\/span><br ><span  id=\"_mce_caret\" data-mce-bogus=\"1\" data-mce-type=\"format-caret\"><span  style=\"color: rgb(0, 0, 0);\">\ufeff\n<\/span><\/span><\/p><\/div> <\/div> <div  class=\"col-xs-12 col-sm-4 text-center col-md-6 pricing-featured\"> <div  data-default=\"no-class\" data-featured=\"shadow-medium card-color1\" data-type=\"column\" class=\"card shadow-medium card-color1\"> <h3  data-default=\"no-class\" data-featured=\"lightgray\" class=\"font-300 upper lightgray\">Mastering<\/h3> <h3  data-default=\"no-class\" data-featured=\"inverted\" class=\"h1 inverted\">30\u20ac \/ titre<\/h3>   <p  class=\"\"><span  style=\"color: rgb(255, 255, 255);\">\n<br >Titres enregistr\u00e9s au studio :<\/span><br ><span  style=\"color: rgb(255, 255, 255);\">\n\u2013 <span  style=\"font-weight: 700;\">30\u20ac<\/span> le titre<\/span><br ><span  style=\"color: rgb(255, 255, 255);\">\n\u2013 <span  style=\"font-weight: 700;\">150\u20ac<\/span> l\u2019album<\/span><\/p><\/div> <\/div><div  class=\"col-xs-12 col-sm-4 text-center col-md-6\"> <div  data-default=\"no-class\" data-featured=\"shadow-medium card-color1\" data-type=\"column\" class=\"card\"> <h3  data-default=\"no-class\" data-featured=\"lightgray\" class=\"font-300 upper\">eNregistrement\n<br >+ Mixage&nbsp;<br >+ Mastering<\/h3> <h3  data-default=\"no-class\" data-featured=\"inverted\" class=\"h1\">80\u20ac \/ Titre<\/h3>   <p  class=\"\">Ing\u00e9nieur compris<\/p><\/div> <\/div><\/div> <\/div><\/div><div  data-label=\"bouton tarif\" data-id=\"cta--1\" data-export-id=\"cta-centered-section-grid\" data-category=\"cta\" class=\"cta-centered-section-grid content-section content-section-spacing-medium bg-color1 white-text\" id=\"bouton-tarif\" style=\"background-image: none; background-color: rgba(255, 255, 255, 0);\"><div  class=\"gridContainer\"> <div  class=\"row text-center\"><div  class=\"col-xs-12 col-sm-10 col-sm-offset-1 col-md-8 col-md-offset-2\" data-type=\"column\">   <a  class=\"button color2\" href=\"#\" target=\"_self\" data-cp-link=\"1\" data-icon=\"\" rel=\"noopener\">TARIFS COMPLETS<\/a><\/div> <\/div><\/div> <\/div><div  data-label=\"Enregistrement\" data-id=\"content--5\" data-export-id=\"content-8\" data-category=\"content\" class=\"content-8 content-section content-section-spacing\" id=\"enregistrement\" style=\"background-color: rgb(245, 250, 253);\"><div  class=\"gridContainer\"> <div  class=\"row middle-sm\"><div  class=\"col-sm-6 space-bottom-xs space-top-xs\" data-type=\"column\"> <img decoding=\"async\"  class=\"shadow-large\" src=\"https:\/\/studio-504.com\/wp-content\/uploads\/2023\/11\/cropped-Micromix-45db-branche.png\" title=\"cropped-Micromix-45db-branche.png\" alt=\"services d'enregistrement\"><\/div> <div  class=\"col-sm-6\" data-type=\"column\"><h2  class=\"\">L\u2019enregistrement au studio<\/h2> <p  class=\"\">Avoir un enregistrement de <span  style=\"font-weight: 700;\">qualit\u00e9<\/span> est notre mission pour chaque enregistrement que nous faisons.\n<br ><br >\nCeux-ci se passent dans une cabine avec<span  style=\"font-weight: 700;\"> traitement acoustique<\/span>. Un <span  style=\"font-weight: 700;\">ing\u00e9nieur<\/span> son sera pr\u00e9sent lors de vos sessions pour vous accompagner et vous conseiller au mieux.\n<br ><br >\nVous avez le choix entre plus de <span  style=\"font-weight: 700;\">60 r\u00e9f\u00e9rences de micros<\/span>, toutes \u00e9poques, r\u00e9gions et styles confondus, ainsi que des modules d\u2019effets.\n<br ><br >\nIl est notamment possible d\u2019enregistrer sa prise avec plusieurs micros diff\u00e9rents.<\/p> <\/div> <\/div><\/div> <\/div><div  data-label=\"mixage\" data-id=\"content--2\" data-export-id=\"content-7\" data-category=\"content\" class=\"content-7 content-section content-section-spacing\" id=\"mixage\" style=\"background-color: rgb(255, 255, 255);\"><div  class=\"gridContainer\"> <div  class=\"row middle-sm\"><div  class=\"col-sm-6 space-bottom-xs\" data-type=\"column\"> <h2  class=\"\">Mixage<\/h2> <p  class=\"\">Le mixage consiste \u00e0 cr\u00e9er le morceau, \u00e0 partir des pistes enregistr\u00e9es brutes. Il est donc essentiel de r\u00e9aliser un mixage \u00e0 la hauteur de vos attentes.\n<br ><br >\nUn <span  style=\"font-weight: 700;\">ing\u00e9nieur<\/span> sera assign\u00e9 \u00e0 votre mixage, en tenant compte de vos souhaits et de la direction \u00e0 suivre pour la r\u00e9alisation du mixage.\n<br >Il est n\u00e9cessaire que l\u2019artiste soit pr\u00e9sent pour donner les directives \u00e0 suivre.\n<br ><br >\nNous souhaitons la<span  style=\"font-weight: 700;\"> satisfaction<span  style=\"font-weight: 400;\"> de nos artistes<\/span><\/span>, c\u2019est pourquoi un \n<br ><span  style=\"font-weight: 700;\">pr\u00e9-mastering<\/span> de test sera fourni afin d\u2019avoir une id\u00e9e finale du rendu.\n<br ><br >\nSi cela ne pla\u00eet pas, nous pouvons le refaire en modifiant les points voulus.\n<br ><br >\nLe mixage peut \u00eatre r\u00e9alis\u00e9 en <span  style=\"font-weight: 400;\">hardware<\/span>, avec plus de <span  style=\"font-weight: 700;\">50 r\u00e9f\u00e9rence<\/span> de module de mixage, mais aussi en software avec notre <span  style=\"font-weight: 700;\">propre logiciel de mixage<\/span>, d\u00e9velopp\u00e9 par nos soins.<\/p> <\/div> <div  class=\"col-sm-6\" data-type=\"column\"> <img  decoding=\"async\" class=\"shadow-large\" src=\"https:\/\/studio-504.com\/wp-content\/uploads\/2023\/11\/studio-4.jpg\" title=\"studio-4\" alt=\"mixage\"><\/div> <\/div><\/div> <\/div><div  data-label=\"mastering\" data-id=\"content--3\" data-export-id=\"content-15\" data-category=\"content\" class=\"content-15 content-section content-section-spacing\" id=\"mastering\" style=\"background-color: rgb(245, 250, 253);\"><div  class=\"gridContainer\"> <div  class=\"row middle-sm\"><div  class=\"col-sm-6 flexbox around-xs top-xs space-bottom-xs space-top-xs\"> <div  class=\"overlay-box flexbox middle-xs center-xs overlay-holder\"><div  class=\"overlay-box-offset offset-border shadow-medium border-color2 hide-xs\"><\/div> <img  decoding=\"async\" class=\"flexbox shadow-large img1\" data-size=\"500x500\" src=\"https:\/\/studio-504.com\/wp-content\/uploads\/2023\/11\/cropped-studio-3.jpg\" title=\"cropped-studio-3.jpg\" alt=\"mastering\"><\/div> <\/div> <div  class=\"col-sm-6\" data-type=\"column\"> <h2  class=\"\">Le mastering<\/h2> <p  class=\"\">Le mastering permet, \u00e0 partir d\u2019un son mix\u00e9, d\u2019obtenir un <span  style=\"font-weight: 700;\">son finalis\u00e9<\/span>. \n<br >Le but \u00e9tant d\u2019avoir un volume sonore et une couleur qui correspondent aux r\u00e9f\u00e9rences commerciales.\n<br ><br >\nC\u2019est une \u00e9tape \u00e0 ne <span  style=\"font-weight: 700;\">pas n\u00e9gliger<\/span>.\n<br ><br >\nNous permettons \u00e0 nos artistes de faire faire le mastering afin de finaliser leurs sons. Le format final sera ainsi <span  style=\"font-weight: 700;\">diffusable<\/span> sur les plateformes de streaming, la radio ou bien sera adapt\u00e9 pour le gravage de CD.\n<br ><br >\nNos mastering peuvent \u00eatre r\u00e9alis\u00e9s en hardware, ou bien en software avec notre <span  style=\"font-weight: 700;\">propre logiciel de mastering<\/span>, d\u00e9velopp\u00e9 par nos soins.<\/p> <\/div> <\/div><\/div> <\/div><div  data-label=\"Cta\" data-id=\"cta--2\" data-export-id=\"cta-centered-bg-section\" data-category=\"cta\" data-section-ov=\"1\" class=\"cta-centered-bg-section content-section content-section-spacing-medium white-text\" data-parallax-depth=\"20\" id=\"cta-1\" style=\"background-color: rgb(255, 255, 255); background-image: none;\"><div  class=\"gridContainer\"> <div  class=\"row text-center\"><div  data-type=\"column\" class=\"\">  <a  class=\"button color2\" href=\"https:\/\/studio-504.com\/index.php\/contact\" target=\"_self\" data-cp-link=\"1\" data-icon=\"\" rel=\"noopener\">RESERVEZ VOTRE SEANCE !<\/a><\/div> <\/div><\/div> <\/div>","protected":false},"excerpt":{"rendered":"<p>Nos services pour une prestation de qualit\u00e9 Nous proposons plusieurs services pour nos artistes : L\u2019enregistrement La base d\u2019un studio d\u2019enregistrement Le mixage Fort de nos ann\u00e9es d\u2019exp\u00e9riences et de nos propres mat\u00e9riels analogique et num\u00e9rique Le mastering Nombreuses chansons masteris\u00e9s \u00e0 notre actif Nos tarifs eNregistrement 25\u20ac \/ heure \u2013 80\u20ac la demi-journ\u00e9e \u2013&hellip; <br \/> <a class=\"read-more\" href=\"https:\/\/studio-504.com\/index.php\/services\/\">Read more<\/a><\/p>\n","protected":false},"author":2,"featured_media":0,"parent":0,"menu_order":0,"comment_status":"closed","ping_status":"closed","template":"pro\/page-templates\/full-width-page.php","meta":{"footnotes":""},"class_list":["post-10","page","type-page","status-publish","hentry"],"yoast_head":"<!-- This site is optimized with the Yoast SEO plugin v21.5 - https:\/\/yoast.com\/wordpress\/plugins\/seo\/ -->\n<title>Services - Studio-504<\/title>\n<meta name=\"description\" content=\"Services d&#039;enregistrement, de mixage, de mastering et de cr\u00e9ation audio. Tarifs fixes avec mat\u00e9riel au choix parmi ceux du studio\" \/>\n<meta name=\"robots\" content=\"index, follow, max-snippet:-1, max-image-preview:large, max-video-preview:-1\" \/>\n<link rel=\"canonical\" href=\"https:\/\/studio-504.com\/index.php\/services\/\" \/>\n<meta property=\"og:locale\" content=\"en_US\" \/>\n<meta property=\"og:type\" content=\"article\" \/>\n<meta property=\"og:title\" content=\"Services - Studio-504\" \/>\n<meta property=\"og:description\" content=\"Services d&#039;enregistrement, de mixage, de mastering et de cr\u00e9ation audio. Tarifs fixes avec mat\u00e9riel au choix parmi ceux du studio\" \/>\n<meta property=\"og:url\" content=\"https:\/\/studio-504.com\/index.php\/services\/\" \/>\n<meta property=\"og:site_name\" content=\"Studio-504\" \/>\n<meta property=\"article:modified_time\" content=\"2025-04-09T09:59:50+00:00\" \/>\n<meta property=\"og:image\" content=\"https:\/\/studio-504.com\/wp-content\/uploads\/2023\/11\/cropped-Micromix-45db-branche.png\" \/>\n<meta name=\"twitter:card\" content=\"summary_large_image\" \/>\n<meta name=\"twitter:label1\" content=\"Est. reading time\" \/>\n\t<meta name=\"twitter:data1\" content=\"3 minutes\" \/>\n<script type=\"application\/ld+json\" class=\"yoast-schema-graph\">{\"@context\":\"https:\/\/schema.org\",\"@graph\":[{\"@type\":\"WebPage\",\"@id\":\"https:\/\/studio-504.com\/index.php\/services\/\",\"url\":\"https:\/\/studio-504.com\/index.php\/services\/\",\"name\":\"Services - Studio-504\",\"isPartOf\":{\"@id\":\"https:\/\/studio-504.com\/#website\"},\"datePublished\":\"2023-11-23T14:10:43+00:00\",\"dateModified\":\"2025-04-09T09:59:50+00:00\",\"description\":\"Services d'enregistrement, de mixage, de mastering et de cr\u00e9ation audio. Tarifs fixes avec mat\u00e9riel au choix parmi ceux du studio\",\"breadcrumb\":{\"@id\":\"https:\/\/studio-504.com\/index.php\/services\/#breadcrumb\"},\"inLanguage\":\"en-US\",\"potentialAction\":[{\"@type\":\"ReadAction\",\"target\":[\"https:\/\/studio-504.com\/index.php\/services\/\"]}]},{\"@type\":\"BreadcrumbList\",\"@id\":\"https:\/\/studio-504.com\/index.php\/services\/#breadcrumb\",\"itemListElement\":[{\"@type\":\"ListItem\",\"position\":1,\"name\":\"Accueil\",\"item\":\"https:\/\/studio-504.com\/\"},{\"@type\":\"ListItem\",\"position\":2,\"name\":\"Services\"}]},{\"@type\":\"WebSite\",\"@id\":\"https:\/\/studio-504.com\/#website\",\"url\":\"https:\/\/studio-504.com\/\",\"name\":\"Studio-504\",\"description\":\"L&#039;authentique studio d&#039;enregistrement bordelais\",\"publisher\":{\"@id\":\"https:\/\/studio-504.com\/#organization\"},\"potentialAction\":[{\"@type\":\"SearchAction\",\"target\":{\"@type\":\"EntryPoint\",\"urlTemplate\":\"https:\/\/studio-504.com\/?s={search_term_string}\"},\"query-input\":\"required name=search_term_string\"}],\"inLanguage\":\"en-US\"},{\"@type\":\"Organization\",\"@id\":\"https:\/\/studio-504.com\/#organization\",\"name\":\"Studio-504\",\"url\":\"https:\/\/studio-504.com\/\",\"logo\":{\"@type\":\"ImageObject\",\"inLanguage\":\"en-US\",\"@id\":\"https:\/\/studio-504.com\/#\/schema\/logo\/image\/\",\"url\":\"https:\/\/studio-504.com\/wp-content\/uploads\/2023\/11\/logo_studio-504.png\",\"contentUrl\":\"https:\/\/studio-504.com\/wp-content\/uploads\/2023\/11\/logo_studio-504.png\",\"width\":3401,\"height\":2001,\"caption\":\"Studio-504\"},\"image\":{\"@id\":\"https:\/\/studio-504.com\/#\/schema\/logo\/image\/\"}}]}<\/script>\n<!-- \/ Yoast SEO plugin. -->","yoast_head_json":{"title":"Services - Studio-504","description":"Services d'enregistrement, de mixage, de mastering et de cr\u00e9ation audio. Tarifs fixes avec mat\u00e9riel au choix parmi ceux du studio","robots":{"index":"index","follow":"follow","max-snippet":"max-snippet:-1","max-image-preview":"max-image-preview:large","max-video-preview":"max-video-preview:-1"},"canonical":"https:\/\/studio-504.com\/index.php\/services\/","og_locale":"en_US","og_type":"article","og_title":"Services - Studio-504","og_description":"Services d'enregistrement, de mixage, de mastering et de cr\u00e9ation audio. Tarifs fixes avec mat\u00e9riel au choix parmi ceux du studio","og_url":"https:\/\/studio-504.com\/index.php\/services\/","og_site_name":"Studio-504","article_modified_time":"2025-04-09T09:59:50+00:00","og_image":[{"url":"https:\/\/studio-504.com\/wp-content\/uploads\/2023\/11\/cropped-Micromix-45db-branche.png"}],"twitter_card":"summary_large_image","twitter_misc":{"Est. reading time":"3 minutes"},"schema":{"@context":"https:\/\/schema.org","@graph":[{"@type":"WebPage","@id":"https:\/\/studio-504.com\/index.php\/services\/","url":"https:\/\/studio-504.com\/index.php\/services\/","name":"Services - Studio-504","isPartOf":{"@id":"https:\/\/studio-504.com\/#website"},"datePublished":"2023-11-23T14:10:43+00:00","dateModified":"2025-04-09T09:59:50+00:00","description":"Services d'enregistrement, de mixage, de mastering et de cr\u00e9ation audio. Tarifs fixes avec mat\u00e9riel au choix parmi ceux du studio","breadcrumb":{"@id":"https:\/\/studio-504.com\/index.php\/services\/#breadcrumb"},"inLanguage":"en-US","potentialAction":[{"@type":"ReadAction","target":["https:\/\/studio-504.com\/index.php\/services\/"]}]},{"@type":"BreadcrumbList","@id":"https:\/\/studio-504.com\/index.php\/services\/#breadcrumb","itemListElement":[{"@type":"ListItem","position":1,"name":"Accueil","item":"https:\/\/studio-504.com\/"},{"@type":"ListItem","position":2,"name":"Services"}]},{"@type":"WebSite","@id":"https:\/\/studio-504.com\/#website","url":"https:\/\/studio-504.com\/","name":"Studio-504","description":"L&#039;authentique studio d&#039;enregistrement bordelais","publisher":{"@id":"https:\/\/studio-504.com\/#organization"},"potentialAction":[{"@type":"SearchAction","target":{"@type":"EntryPoint","urlTemplate":"https:\/\/studio-504.com\/?s={search_term_string}"},"query-input":"required name=search_term_string"}],"inLanguage":"en-US"},{"@type":"Organization","@id":"https:\/\/studio-504.com\/#organization","name":"Studio-504","url":"https:\/\/studio-504.com\/","logo":{"@type":"ImageObject","inLanguage":"en-US","@id":"https:\/\/studio-504.com\/#\/schema\/logo\/image\/","url":"https:\/\/studio-504.com\/wp-content\/uploads\/2023\/11\/logo_studio-504.png","contentUrl":"https:\/\/studio-504.com\/wp-content\/uploads\/2023\/11\/logo_studio-504.png","width":3401,"height":2001,"caption":"Studio-504"},"image":{"@id":"https:\/\/studio-504.com\/#\/schema\/logo\/image\/"}}]}},"_links":{"self":[{"href":"https:\/\/studio-504.com\/index.php\/wp-json\/wp\/v2\/pages\/10","targetHints":{"allow":["GET"]}}],"collection":[{"href":"https:\/\/studio-504.com\/index.php\/wp-json\/wp\/v2\/pages"}],"about":[{"href":"https:\/\/studio-504.com\/index.php\/wp-json\/wp\/v2\/types\/page"}],"author":[{"embeddable":true,"href":"https:\/\/studio-504.com\/index.php\/wp-json\/wp\/v2\/users\/2"}],"replies":[{"embeddable":true,"href":"https:\/\/studio-504.com\/index.php\/wp-json\/wp\/v2\/comments?post=10"}],"version-history":[{"count":17,"href":"https:\/\/studio-504.com\/index.php\/wp-json\/wp\/v2\/pages\/10\/revisions"}],"predecessor-version":[{"id":330,"href":"https:\/\/studio-504.com\/index.php\/wp-json\/wp\/v2\/pages\/10\/revisions\/330"}],"wp:attachment":[{"href":"https:\/\/studio-504.com\/index.php\/wp-json\/wp\/v2\/media?parent=10"}],"curies":[{"name":"wp","href":"https:\/\/api.w.org\/{rel}","templated":true}]}}