{"id":15,"date":"2023-11-23T15:14:43","date_gmt":"2023-11-23T14:14:43","guid":{"rendered":"http:\/\/studio-504.com\/?page_id=15"},"modified":"2023-12-13T15:29:05","modified_gmt":"2023-12-13T14:29:05","slug":"nos-artistes","status":"publish","type":"page","link":"https:\/\/studio-504.com\/index.php\/nos-artistes\/","title":{"rendered":"Nos artistes"},"content":{"rendered":"<div  id=\"portfolio-1\" class=\"portfolio-1 content-section content-section-spacing\" style=\"background-color: #ffffff;\" data-label=\"Portfolio\" data-id=\"portfolio--1\" data-export-id=\"portfolio-1\" data-category=\"portfolio\">\n<div  class=\"gridContainer\">\n<div  class=\"row text-center\">\n<div  class=\"section-title-col\" data-type=\"column\">\n<p  class=\"lead\"><span  style=\"font-weight: bold;\">Au Studio-504, nos artistes sont uniques.<\/span><\/p>\nC\u2019est avec cette mentalit\u00e9 que nous accompagnons au mieux nos artistes et que nous cherchons \u00e0 tirer le meilleur de chacun d\u2019entre eux. Laissez vous porter et d\u00e9couvrez leurs univers tous diff\u00e9rents les uns des autres.\n\n<img loading=\"lazy\" decoding=\"async\"  class=\"wp-image-180 aligncenter\" src=\"https:\/\/studio-504.com\/wp-content\/uploads\/2023\/12\/carre-blanc.png\" sizes=\"auto, (max-width: 82px) 100vw, 82px\" srcset=\"https:\/\/studio-504.com\/wp-content\/uploads\/2023\/12\/carre-blanc.png 300w, https:\/\/studio-504.com\/wp-content\/uploads\/2023\/12\/carre-blanc-150x150.png 150w\" alt=\"\" width=\"82\" height=\"82\">\n\n<\/div>\n<\/div>\n<\/div>\n<div  class=\"gridContainer\">\n<div  class=\"row text-center\">\n<div  class=\"section-title-col\" data-type=\"column\"><\/div>\n<\/div>\n<div  class=\"row spaced-cols\" data-type=\"row\" data-fixed=\"true\">\n<div  class=\"col-xs-12 col-sm-4 col-md-4\">\n<div  class=\"contentswap-effect visible\" data-hover-fx=\"portfolio-1\">\n<div  class=\"initial-image\"><img loading=\"lazy\" decoding=\"async\"  class=\"alignnone\" src=\"https:\/\/studio-504.com\/wp-content\/uploads\/2023\/11\/cropped-Eliphendre-1.png\" alt=\"Artistes - Eliphendre - Label-504\" width=\"325\" height=\"324\" data-size=\"500x333\"><\/div>\n<div ><\/div>\n<div  class=\"overlay\"><\/div>\n<div  class=\"swap-inner col-xs-12\">\n<div  class=\"row full-height-row bottom-xs\">\n<div  class=\"col-xs-12 color1 text-center content-holder\">\n<h4  class=\"inverted font-500\">Eliphendre<\/h4>\n<\/div>\n<\/div>\n<\/div>\n<\/div>\n<\/div>\n<div  class=\"col-xs-12 col-sm-4 col-md-4\">\n<div  class=\"contentswap-effect visible\" data-hover-fx=\"portfolio-1\">\n<div  class=\"initial-image\"><img loading=\"lazy\" decoding=\"async\"  class=\"alignnone\" src=\"https:\/\/studio-504.com\/wp-content\/uploads\/2023\/11\/cropped-Jeroboams.jpg\" alt=\"Artistes - Andy &amp; Johnny - Label-504\" width=\"959\" height=\"959\" data-size=\"500x333\"><\/div>\n<div  class=\"overlay\"><\/div>\n<div  class=\"swap-inner col-xs-12\">\n<div  class=\"row full-height-row bottom-xs\">\n<div  class=\"col-xs-12 color1 text-center content-holder\">\n<h4  class=\"inverted font-500\">Andy &amp; Johnny<\/h4>\n<h4  class=\"inverted font-500\"><\/h4>\n<\/div>\n<\/div>\n<\/div>\n<\/div>\n<\/div>\n<div  class=\"col-xs-12 col-sm-4 col-md-4\">\n<div  class=\"contentswap-effect visible\" data-hover-fx=\"portfolio-1\">\n<div  class=\"initial-image\"><img loading=\"lazy\" decoding=\"async\"  class=\"alignnone\" src=\"https:\/\/studio-504.com\/wp-content\/uploads\/2023\/11\/cropped-Lyn-Anaba.png\" alt=\"Artistes - Lyn Anaba - Label-504\" width=\"486\" height=\"486\" data-size=\"500x333\"><\/div>\n<div  class=\"overlay\"><\/div>\n<div  class=\"swap-inner col-xs-12\">\n<div  class=\"row full-height-row bottom-xs\">\n<div  class=\"col-xs-12 color1 text-center content-holder\">\n<h4  class=\"inverted font-500\">Lyn Anaba<\/h4>\n<\/div>\n<\/div>\n<\/div>\n<\/div>\n<\/div>\n<div  class=\"col-xs-12 col-sm-4 col-md-4\">\n<div  class=\"contentswap-effect visible\" data-hover-fx=\"portfolio-1\">\n<div  class=\"initial-image\"><img loading=\"lazy\" decoding=\"async\"  class=\"alignnone\" src=\"https:\/\/studio-504.com\/wp-content\/uploads\/2023\/11\/cropped-xi-liu.jpg\" alt=\"Artistes - Xi Liu - Label-504\" width=\"1221\" height=\"1224\" data-size=\"500x333\"><\/div>\n<div  class=\"overlay\"><\/div>\n<div  class=\"swap-inner col-xs-12\">\n<div  class=\"row full-height-row bottom-xs\">\n<div  class=\"col-xs-12 color1 text-center content-holder\">\n<h4  class=\"inverted font-500\">Xi Liu<\/h4>\n<\/div>\n<\/div>\n<\/div>\n<\/div>\n<\/div>\n<div  class=\"col-xs-12 col-sm-4 col-md-4\">\n<div  class=\"contentswap-effect visible\" data-hover-fx=\"portfolio-1\">\n<div  class=\"initial-image\"><img loading=\"lazy\" decoding=\"async\"  class=\"alignnone\" src=\"https:\/\/studio-504.com\/wp-content\/uploads\/2023\/11\/Ivanenko.jpg\" alt=\"Artistes - Ivanenko - Label-504\" width=\"1950\" height=\"1956\" data-size=\"500x333\"><\/div>\n<div  class=\"overlay\"><\/div>\n<div  class=\"swap-inner col-xs-12\">\n<div  class=\"row full-height-row bottom-xs\">\n<div  class=\"col-xs-12 color1 text-center content-holder\">\n<h4  class=\"inverted font-500\">Ivanenko<\/h4>\n<\/div>\n<\/div>\n<\/div>\n<\/div>\n<\/div>\n<div  class=\"col-xs-12 col-sm-4 col-md-4\">\n<div  class=\"contentswap-effect visible\" data-hover-fx=\"portfolio-1\">\n<div  class=\"initial-image\"><img loading=\"lazy\" decoding=\"async\"  class=\"alignnone\" src=\"https:\/\/studio-504.com\/wp-content\/uploads\/2023\/12\/HADs.jpg\" alt=\" HAD's - Label-504\" width=\"720\" height=\"714\" data-size=\"500x333\"><\/div>\n<div  class=\"overlay\"><\/div>\n<div  class=\"swap-inner col-xs-12\">\n<div  class=\"row full-height-row bottom-xs\">\n<div  class=\"col-xs-12 color1 text-center content-holder\">\n<h4  class=\"inverted font-500\">HAD\u2019s<\/h4>\n<\/div>\n<\/div>\n<\/div>\n<\/div>\n<\/div>\n<\/div>\n<\/div>\n<\/div><div  id=\"content-1\" class=\"content-6-2 content-section content-section-spacing\" style=\"background-color: #f5fafd;\" data-label=\"Content\" data-id=\"content--1\" data-export-id=\"content-6-2\" data-category=\"content\">\n<div  class=\"gridContainer\">\n<div  class=\"row text-center\">\n<div  class=\"section-title-col\" data-type=\"column\">\n<h2  class=\"\">Notre label de musique pour nos artistes<\/h2>\nLe Label-504\n<p  class=\"lead\">Pour r\u00e9pondre aux besoins de nos artistes, nous avons cr\u00e9er un label qui permet aux artistes du studio d\u2019\u00eatre publi\u00e9 et diffus\u00e9 le plus facilement possible.<\/p>\n\n<\/div>\n<\/div>\n<div  class=\"row middle-sm\">\n<div  class=\"col-sm-6 flexbox around-xs top-xs\">\n<div  class=\"overlay-box flexbox middle-xs center-xs overlay-holder\"><img decoding=\"async\"  class=\"flexbox shadow-large img1\" title=\"Artistes Label-504\" src=\"https:\/\/studio-504.com\/wp-content\/uploads\/2023\/12\/cropped-1000005020-scaled-1.jpg\" alt=\"Label-504\" data-size=\"485x632\"><\/div>\n<\/div>\n<div  class=\"col-sm-6 space-top-xs\">\n<div  class=\"row\">\n<div  class=\"col-xs-12 space-bottom\" data-type=\"column\">\n<h3  class=\"color2\">Label-504, la solution du Studio-504<\/h3>\n<p  class=\"\">Si vous \u00eates \u00e0 la recherche d\u2019un label, n\u2019h\u00e9sitez pas \u00e0 nous contacter.<\/p><a class=\"button color1\" href=\"https:\/\/www.facebook.com\/LABEL504\" target=\"_blank\" rel=\"noopener\" data-cp-link=\"1\" data-icon=\"\">Facebook du Label-504<\/a>\n\n\n<\/div>\n<div  class=\"col-xs-12\" data-type=\"row\">\n<div  class=\"row space-bottom force-align\">\n<div  class=\"col-xs-12 col-sm-fit text-center\"><\/div>\n<div  class=\"col-xs-12 col-sm\" data-type=\"column\">\n<h5  class=\"color1\">Diffusion sur les plateformes<\/h5>\n<p  class=\"\">On se charge \u00e0 votre place de la diffusion de vos morceaux sur les plateformes de streaming ainsi qu\u2019\u00e0 la radio.<\/p>\n\n<\/div>\n<\/div>\n<div  class=\"row space-bottom force-align\">\n<div  class=\"col-xs-12 col-sm-fit text-center\"><\/div>\n<div  class=\"col-xs-12 col-sm\" data-type=\"column\">\n<h5  class=\"color1\">Promotion<\/h5>\n<p  class=\"\">Faire sa promotion ou la promotion d\u2019un nouvel album n\u2019est pas de tout repos. Mais le Label-504 se charge de vous en faire une.<\/p>\n\n<\/div>\n<\/div>\n<div  class=\"row space-bottom force-align\">\n<div  class=\"col-xs-12 col-sm-fit text-center\"><\/div>\n<div  class=\"col-xs-12 col-sm\" data-type=\"column\">\n<h5  class=\"color1\">Pressage de CD \/ Vinyles<\/h5>\n<p  class=\"\">Vous voulez un album physique pour la sortie de votre projet ? Pas de probl\u00e8me, le Label-504 le fait pour vous !<\/p>\n<a class=\"button color1\" href=\"https:\/\/studio-504.com\/index.php\/contact\" target=\"_self\" rel=\"noopener\" data-cp-link=\"1\" data-icon=\"\">Contactez nous !<\/a>\n\n<\/div>\n<\/div>\n<\/div>\n<\/div>\n<\/div>\n<\/div>\n<\/div>\n<\/div>","protected":false},"excerpt":{"rendered":"<p>Au Studio-504, nos artistes sont uniques. C\u2019est avec cette mentalit\u00e9 que nous accompagnons au mieux nos artistes et que nous cherchons \u00e0 tirer le meilleur de chacun d\u2019entre eux. Laissez vous porter et d\u00e9couvrez leurs univers tous diff\u00e9rents les uns des autres. Eliphendre Andy &amp; Johnny Lyn Anaba Xi Liu Ivanenko HAD\u2019s Notre label de&hellip; <br \/> <a class=\"read-more\" href=\"https:\/\/studio-504.com\/index.php\/nos-artistes\/\">Read more<\/a><\/p>\n","protected":false},"author":2,"featured_media":0,"parent":0,"menu_order":0,"comment_status":"closed","ping_status":"closed","template":"pro\/page-templates\/full-width-page.php","meta":{"footnotes":""},"class_list":["post-15","page","type-page","status-publish","hentry"],"yoast_head":"<!-- This site is optimized with the Yoast SEO plugin v21.5 - https:\/\/yoast.com\/wordpress\/plugins\/seo\/ -->\n<title>Nos artistes - Studio-504<\/title>\n<meta name=\"description\" content=\"Nos artistes - Label-504 - D\u00e9couvrez nos artistes tous plus diff\u00e9rents les uns que les autres - Faites en partie en rejoignant le Label-504\" \/>\n<meta name=\"robots\" content=\"index, follow, max-snippet:-1, max-image-preview:large, max-video-preview:-1\" \/>\n<link rel=\"canonical\" href=\"https:\/\/studio-504.com\/index.php\/nos-artistes\/\" \/>\n<meta property=\"og:locale\" content=\"en_US\" \/>\n<meta property=\"og:type\" content=\"article\" \/>\n<meta property=\"og:title\" content=\"Nos artistes - Studio-504\" \/>\n<meta property=\"og:description\" content=\"Nos artistes - Label-504 - D\u00e9couvrez nos artistes tous plus diff\u00e9rents les uns que les autres - Faites en partie en rejoignant le Label-504\" \/>\n<meta property=\"og:url\" content=\"https:\/\/studio-504.com\/index.php\/nos-artistes\/\" \/>\n<meta property=\"og:site_name\" content=\"Studio-504\" \/>\n<meta property=\"article:modified_time\" content=\"2023-12-13T14:29:05+00:00\" \/>\n<meta property=\"og:image\" content=\"https:\/\/studio-504.com\/wp-content\/uploads\/2023\/12\/carre-blanc.png\" \/>\n<meta name=\"twitter:card\" content=\"summary_large_image\" \/>\n<meta name=\"twitter:label1\" content=\"Est. reading time\" \/>\n\t<meta name=\"twitter:data1\" content=\"3 minutes\" \/>\n<script type=\"application\/ld+json\" class=\"yoast-schema-graph\">{\"@context\":\"https:\/\/schema.org\",\"@graph\":[{\"@type\":\"WebPage\",\"@id\":\"https:\/\/studio-504.com\/index.php\/nos-artistes\/\",\"url\":\"https:\/\/studio-504.com\/index.php\/nos-artistes\/\",\"name\":\"Nos artistes - Studio-504\",\"isPartOf\":{\"@id\":\"https:\/\/studio-504.com\/#website\"},\"datePublished\":\"2023-11-23T14:14:43+00:00\",\"dateModified\":\"2023-12-13T14:29:05+00:00\",\"description\":\"Nos artistes - Label-504 - D\u00e9couvrez nos artistes tous plus diff\u00e9rents les uns que les autres - Faites en partie en rejoignant le Label-504\",\"breadcrumb\":{\"@id\":\"https:\/\/studio-504.com\/index.php\/nos-artistes\/#breadcrumb\"},\"inLanguage\":\"en-US\",\"potentialAction\":[{\"@type\":\"ReadAction\",\"target\":[\"https:\/\/studio-504.com\/index.php\/nos-artistes\/\"]}]},{\"@type\":\"BreadcrumbList\",\"@id\":\"https:\/\/studio-504.com\/index.php\/nos-artistes\/#breadcrumb\",\"itemListElement\":[{\"@type\":\"ListItem\",\"position\":1,\"name\":\"Accueil\",\"item\":\"https:\/\/studio-504.com\/\"},{\"@type\":\"ListItem\",\"position\":2,\"name\":\"Nos artistes\"}]},{\"@type\":\"WebSite\",\"@id\":\"https:\/\/studio-504.com\/#website\",\"url\":\"https:\/\/studio-504.com\/\",\"name\":\"Studio-504\",\"description\":\"L&#039;authentique studio d&#039;enregistrement bordelais\",\"publisher\":{\"@id\":\"https:\/\/studio-504.com\/#organization\"},\"potentialAction\":[{\"@type\":\"SearchAction\",\"target\":{\"@type\":\"EntryPoint\",\"urlTemplate\":\"https:\/\/studio-504.com\/?s={search_term_string}\"},\"query-input\":\"required name=search_term_string\"}],\"inLanguage\":\"en-US\"},{\"@type\":\"Organization\",\"@id\":\"https:\/\/studio-504.com\/#organization\",\"name\":\"Studio-504\",\"url\":\"https:\/\/studio-504.com\/\",\"logo\":{\"@type\":\"ImageObject\",\"inLanguage\":\"en-US\",\"@id\":\"https:\/\/studio-504.com\/#\/schema\/logo\/image\/\",\"url\":\"https:\/\/studio-504.com\/wp-content\/uploads\/2023\/11\/logo_studio-504.png\",\"contentUrl\":\"https:\/\/studio-504.com\/wp-content\/uploads\/2023\/11\/logo_studio-504.png\",\"width\":3401,\"height\":2001,\"caption\":\"Studio-504\"},\"image\":{\"@id\":\"https:\/\/studio-504.com\/#\/schema\/logo\/image\/\"}}]}<\/script>\n<!-- \/ Yoast SEO plugin. -->","yoast_head_json":{"title":"Nos artistes - Studio-504","description":"Nos artistes - Label-504 - D\u00e9couvrez nos artistes tous plus diff\u00e9rents les uns que les autres - Faites en partie en rejoignant le Label-504","robots":{"index":"index","follow":"follow","max-snippet":"max-snippet:-1","max-image-preview":"max-image-preview:large","max-video-preview":"max-video-preview:-1"},"canonical":"https:\/\/studio-504.com\/index.php\/nos-artistes\/","og_locale":"en_US","og_type":"article","og_title":"Nos artistes - Studio-504","og_description":"Nos artistes - Label-504 - D\u00e9couvrez nos artistes tous plus diff\u00e9rents les uns que les autres - Faites en partie en rejoignant le Label-504","og_url":"https:\/\/studio-504.com\/index.php\/nos-artistes\/","og_site_name":"Studio-504","article_modified_time":"2023-12-13T14:29:05+00:00","og_image":[{"url":"https:\/\/studio-504.com\/wp-content\/uploads\/2023\/12\/carre-blanc.png"}],"twitter_card":"summary_large_image","twitter_misc":{"Est. reading time":"3 minutes"},"schema":{"@context":"https:\/\/schema.org","@graph":[{"@type":"WebPage","@id":"https:\/\/studio-504.com\/index.php\/nos-artistes\/","url":"https:\/\/studio-504.com\/index.php\/nos-artistes\/","name":"Nos artistes - Studio-504","isPartOf":{"@id":"https:\/\/studio-504.com\/#website"},"datePublished":"2023-11-23T14:14:43+00:00","dateModified":"2023-12-13T14:29:05+00:00","description":"Nos artistes - Label-504 - D\u00e9couvrez nos artistes tous plus diff\u00e9rents les uns que les autres - Faites en partie en rejoignant le Label-504","breadcrumb":{"@id":"https:\/\/studio-504.com\/index.php\/nos-artistes\/#breadcrumb"},"inLanguage":"en-US","potentialAction":[{"@type":"ReadAction","target":["https:\/\/studio-504.com\/index.php\/nos-artistes\/"]}]},{"@type":"BreadcrumbList","@id":"https:\/\/studio-504.com\/index.php\/nos-artistes\/#breadcrumb","itemListElement":[{"@type":"ListItem","position":1,"name":"Accueil","item":"https:\/\/studio-504.com\/"},{"@type":"ListItem","position":2,"name":"Nos artistes"}]},{"@type":"WebSite","@id":"https:\/\/studio-504.com\/#website","url":"https:\/\/studio-504.com\/","name":"Studio-504","description":"L&#039;authentique studio d&#039;enregistrement bordelais","publisher":{"@id":"https:\/\/studio-504.com\/#organization"},"potentialAction":[{"@type":"SearchAction","target":{"@type":"EntryPoint","urlTemplate":"https:\/\/studio-504.com\/?s={search_term_string}"},"query-input":"required name=search_term_string"}],"inLanguage":"en-US"},{"@type":"Organization","@id":"https:\/\/studio-504.com\/#organization","name":"Studio-504","url":"https:\/\/studio-504.com\/","logo":{"@type":"ImageObject","inLanguage":"en-US","@id":"https:\/\/studio-504.com\/#\/schema\/logo\/image\/","url":"https:\/\/studio-504.com\/wp-content\/uploads\/2023\/11\/logo_studio-504.png","contentUrl":"https:\/\/studio-504.com\/wp-content\/uploads\/2023\/11\/logo_studio-504.png","width":3401,"height":2001,"caption":"Studio-504"},"image":{"@id":"https:\/\/studio-504.com\/#\/schema\/logo\/image\/"}}]}},"_links":{"self":[{"href":"https:\/\/studio-504.com\/index.php\/wp-json\/wp\/v2\/pages\/15","targetHints":{"allow":["GET"]}}],"collection":[{"href":"https:\/\/studio-504.com\/index.php\/wp-json\/wp\/v2\/pages"}],"about":[{"href":"https:\/\/studio-504.com\/index.php\/wp-json\/wp\/v2\/types\/page"}],"author":[{"embeddable":true,"href":"https:\/\/studio-504.com\/index.php\/wp-json\/wp\/v2\/users\/2"}],"replies":[{"embeddable":true,"href":"https:\/\/studio-504.com\/index.php\/wp-json\/wp\/v2\/comments?post=15"}],"version-history":[{"count":40,"href":"https:\/\/studio-504.com\/index.php\/wp-json\/wp\/v2\/pages\/15\/revisions"}],"predecessor-version":[{"id":287,"href":"https:\/\/studio-504.com\/index.php\/wp-json\/wp\/v2\/pages\/15\/revisions\/287"}],"wp:attachment":[{"href":"https:\/\/studio-504.com\/index.php\/wp-json\/wp\/v2\/media?parent=15"}],"curies":[{"name":"wp","href":"https:\/\/api.w.org\/{rel}","templated":true}]}}