{"id":20,"date":"2023-11-23T16:04:49","date_gmt":"2023-11-23T15:04:49","guid":{"rendered":"http:\/\/studio-504.com\/?page_id=20"},"modified":"2023-12-13T15:37:24","modified_gmt":"2023-12-13T14:37:24","slug":"materiel","status":"publish","type":"page","link":"https:\/\/studio-504.com\/index.php\/materiel\/","title":{"rendered":"Mat\u00e9riel"},"content":{"rendered":"<div  data-label=\"Counters\" data-id=\"counters--1\" data-export-id=\"counters-2\" data-category=\"counters\" class=\"counters-2 content-section content-section-spacing\" id=\"counters-1\" style=\"background-color: rgb(255, 255, 255);\"><div  class=\"gridContainer\"> <div  class=\"row text-center\"><div  class=\"section-title-col\" data-type=\"column\">  <p  class=\"lead\">Apr\u00e8s plusieurs ann\u00e9es d\u2019activit\u00e9s, le studio s\u2019est \u00e9quip\u00e9 d\u2019une multitude de mat\u00e9riels, de toute sorte, d\u2019origine ou bien d\u2019anciennet\u00e9.\n<br >Vous \u00eates libre de vous \u00e9quiper du mat\u00e9riel de votre choix pour vos enregistrements.\n<\/p><\/div> <\/div> <div  class=\"row\" data-type=\"row\"> <div  class=\"col-xs-12 col-sm-4 text-center space-bottom col-md-3\"> <i  class=\"fa icon fa-microphone color1\"><\/i> <h3  class=\"font-400\" data-min=\"0\" data-max=\"60\" data-duration=\"4000\" data-prefix=\"\" data-suffix=\"+\" data-countup=\"true\" style=\"display: inline-block;\"><\/h3> <h5  class=\"upper color2\">Micros diff\u00c9rents disponibles<\/h5><\/div> <div  class=\"col-xs-12 col-sm-4 text-center space-bottom col-md-3\"><i  class=\"fa icon fa-codepen color1\"><\/i> <h3  class=\"font-400\" data-min=\"0\" data-max=\"100\" data-duration=\"4000\" data-prefix=\"\" data-suffix=\"+\" data-countup=\"true\" style=\"display: inline-block;\"><\/h3> <h5  class=\"upper color2\">Modules audios<\/h5><\/div> <div  class=\"col-xs-12 col-sm-4 text-center space-bottom col-md-3\"><i  class=\"fa icon fa-music color1\"><\/i> <h3  class=\"font-400\" data-min=\"0\" data-max=\"25\" data-duration=\"2000\" data-prefix=\"\" data-suffix=\"+\" data-countup=\"true\" style=\"display: inline-block;\"><\/h3> <h5  class=\"upper color2\">Instruments diff\u00e9rents<\/h5><\/div> <div  class=\"col-xs-12 col-sm-4 text-center space-bottom col-md-3\"> <i  class=\"fa icon fa-child color1\"><\/i> <h3  class=\"font-400\" data-min=\"0\" data-max=\"100\" data-duration=\"4000\" data-prefix=\"\" data-suffix=\"%\" data-countup=\"true\" style=\"display: inline-block;\"><\/h3> <h5  class=\"upper color2\">De libert\u00c9 d\u2019action\n<\/h5><\/div><\/div><\/div> <\/div><div  data-label=\"Cta\" data-id=\"cta--1\" data-export-id=\"cta-blue-section\" data-category=\"cta\" class=\"cta-blue-section content-section content-section-spacing-medium bg-color1 white-text content-relative\" id=\"cta-1\"><div  class=\"gridContainer\"> <div  class=\"row middle-xs\"><div  class=\"col-sm-8 space-bottom-xs\" data-type=\"column\"> <h2  class=\"\">T\u00e9l\u00e9chargez la liste compl\u00e8te ici&nbsp; &nbsp; &nbsp; &nbsp; &nbsp; &nbsp; &nbsp; &nbsp;-&gt;<\/h2> <\/div> <div  class=\"col-sm-4 end-sm\" data-type=\"column\"> <a class=\"button color2\" href=\"http:\/\/studio-504.com\/wp-content\/uploads\/2023\/12\/Inventaire-Studio-504.xlsx\" target=\"_self\" data-cp-link=\"1\" data-icon=\"\" rel=\"noopener\">Liste mat\u00e9riel Studio-504<\/a><\/div> <\/div><\/div> <\/div>","protected":false},"excerpt":{"rendered":"<p>Apr\u00e8s plusieurs ann\u00e9es d\u2019activit\u00e9s, le studio s\u2019est \u00e9quip\u00e9 d\u2019une multitude de mat\u00e9riels, de toute sorte, d\u2019origine ou bien d\u2019anciennet\u00e9. Vous \u00eates libre de vous \u00e9quiper du mat\u00e9riel de votre choix pour vos enregistrements. Micros diff\u00c9rents disponibles Modules audios Instruments diff\u00e9rents De libert\u00c9 d\u2019action T\u00e9l\u00e9chargez la liste compl\u00e8te ici&nbsp; &nbsp; &nbsp; &nbsp; &nbsp; &nbsp; &nbsp; &nbsp;-&gt;&hellip; <br \/> <a class=\"read-more\" href=\"https:\/\/studio-504.com\/index.php\/materiel\/\">Read more<\/a><\/p>\n","protected":false},"author":2,"featured_media":0,"parent":0,"menu_order":0,"comment_status":"closed","ping_status":"closed","template":"pro\/page-templates\/full-width-page.php","meta":{"footnotes":""},"class_list":["post-20","page","type-page","status-publish","hentry"],"yoast_head":"<!-- This site is optimized with the Yoast SEO plugin v21.5 - https:\/\/yoast.com\/wordpress\/plugins\/seo\/ -->\n<title>Mat\u00e9riel - Studio-504<\/title>\n<meta name=\"robots\" content=\"index, follow, max-snippet:-1, max-image-preview:large, max-video-preview:-1\" \/>\n<link rel=\"canonical\" href=\"http:\/\/studio-504.com\/index.php\/materiel\/\" \/>\n<meta property=\"og:locale\" content=\"en_US\" \/>\n<meta property=\"og:type\" content=\"article\" \/>\n<meta property=\"og:title\" content=\"Mat\u00e9riel - Studio-504\" \/>\n<meta property=\"og:description\" content=\"Apr\u00e8s plusieurs ann\u00e9es d\u2019activit\u00e9s, le studio s\u2019est \u00e9quip\u00e9 d\u2019une multitude de mat\u00e9riels, de toute sorte, d\u2019origine ou bien d\u2019anciennet\u00e9. Vous \u00eates libre de vous \u00e9quiper du mat\u00e9riel de votre choix pour vos enregistrements. Micros diff\u00c9rents disponibles Modules audios Instruments diff\u00e9rents De libert\u00c9 d\u2019action T\u00e9l\u00e9chargez la liste compl\u00e8te ici&nbsp; &nbsp; &nbsp; &nbsp; &nbsp; &nbsp; &nbsp; &nbsp;-&gt;&hellip; Read more\" \/>\n<meta property=\"og:url\" content=\"http:\/\/studio-504.com\/index.php\/materiel\/\" \/>\n<meta property=\"og:site_name\" content=\"Studio-504\" \/>\n<meta property=\"article:modified_time\" content=\"2023-12-13T14:37:24+00:00\" \/>\n<meta name=\"twitter:card\" content=\"summary_large_image\" \/>\n<meta name=\"twitter:label1\" content=\"Est. reading time\" \/>\n\t<meta name=\"twitter:data1\" content=\"1 minute\" \/>\n<script type=\"application\/ld+json\" class=\"yoast-schema-graph\">{\"@context\":\"https:\/\/schema.org\",\"@graph\":[{\"@type\":\"WebPage\",\"@id\":\"http:\/\/studio-504.com\/index.php\/materiel\/\",\"url\":\"http:\/\/studio-504.com\/index.php\/materiel\/\",\"name\":\"Mat\u00e9riel - Studio-504\",\"isPartOf\":{\"@id\":\"https:\/\/studio-504.com\/#website\"},\"datePublished\":\"2023-11-23T15:04:49+00:00\",\"dateModified\":\"2023-12-13T14:37:24+00:00\",\"breadcrumb\":{\"@id\":\"http:\/\/studio-504.com\/index.php\/materiel\/#breadcrumb\"},\"inLanguage\":\"en-US\",\"potentialAction\":[{\"@type\":\"ReadAction\",\"target\":[\"http:\/\/studio-504.com\/index.php\/materiel\/\"]}]},{\"@type\":\"BreadcrumbList\",\"@id\":\"http:\/\/studio-504.com\/index.php\/materiel\/#breadcrumb\",\"itemListElement\":[{\"@type\":\"ListItem\",\"position\":1,\"name\":\"Accueil\",\"item\":\"https:\/\/studio-504.com\/\"},{\"@type\":\"ListItem\",\"position\":2,\"name\":\"Mat\u00e9riel\"}]},{\"@type\":\"WebSite\",\"@id\":\"https:\/\/studio-504.com\/#website\",\"url\":\"https:\/\/studio-504.com\/\",\"name\":\"Studio-504\",\"description\":\"L&#039;authentique studio d&#039;enregistrement bordelais\",\"publisher\":{\"@id\":\"https:\/\/studio-504.com\/#organization\"},\"potentialAction\":[{\"@type\":\"SearchAction\",\"target\":{\"@type\":\"EntryPoint\",\"urlTemplate\":\"https:\/\/studio-504.com\/?s={search_term_string}\"},\"query-input\":\"required name=search_term_string\"}],\"inLanguage\":\"en-US\"},{\"@type\":\"Organization\",\"@id\":\"https:\/\/studio-504.com\/#organization\",\"name\":\"Studio-504\",\"url\":\"https:\/\/studio-504.com\/\",\"logo\":{\"@type\":\"ImageObject\",\"inLanguage\":\"en-US\",\"@id\":\"https:\/\/studio-504.com\/#\/schema\/logo\/image\/\",\"url\":\"https:\/\/studio-504.com\/wp-content\/uploads\/2023\/11\/logo_studio-504.png\",\"contentUrl\":\"https:\/\/studio-504.com\/wp-content\/uploads\/2023\/11\/logo_studio-504.png\",\"width\":3401,\"height\":2001,\"caption\":\"Studio-504\"},\"image\":{\"@id\":\"https:\/\/studio-504.com\/#\/schema\/logo\/image\/\"}}]}<\/script>\n<!-- \/ Yoast SEO plugin. -->","yoast_head_json":{"title":"Mat\u00e9riel - Studio-504","robots":{"index":"index","follow":"follow","max-snippet":"max-snippet:-1","max-image-preview":"max-image-preview:large","max-video-preview":"max-video-preview:-1"},"canonical":"http:\/\/studio-504.com\/index.php\/materiel\/","og_locale":"en_US","og_type":"article","og_title":"Mat\u00e9riel - Studio-504","og_description":"Apr\u00e8s plusieurs ann\u00e9es d\u2019activit\u00e9s, le studio s\u2019est \u00e9quip\u00e9 d\u2019une multitude de mat\u00e9riels, de toute sorte, d\u2019origine ou bien d\u2019anciennet\u00e9. Vous \u00eates libre de vous \u00e9quiper du mat\u00e9riel de votre choix pour vos enregistrements. Micros diff\u00c9rents disponibles Modules audios Instruments diff\u00e9rents De libert\u00c9 d\u2019action T\u00e9l\u00e9chargez la liste compl\u00e8te ici&nbsp; &nbsp; &nbsp; &nbsp; &nbsp; &nbsp; &nbsp; &nbsp;-&gt;&hellip; Read more","og_url":"http:\/\/studio-504.com\/index.php\/materiel\/","og_site_name":"Studio-504","article_modified_time":"2023-12-13T14:37:24+00:00","twitter_card":"summary_large_image","twitter_misc":{"Est. reading time":"1 minute"},"schema":{"@context":"https:\/\/schema.org","@graph":[{"@type":"WebPage","@id":"http:\/\/studio-504.com\/index.php\/materiel\/","url":"http:\/\/studio-504.com\/index.php\/materiel\/","name":"Mat\u00e9riel - Studio-504","isPartOf":{"@id":"https:\/\/studio-504.com\/#website"},"datePublished":"2023-11-23T15:04:49+00:00","dateModified":"2023-12-13T14:37:24+00:00","breadcrumb":{"@id":"http:\/\/studio-504.com\/index.php\/materiel\/#breadcrumb"},"inLanguage":"en-US","potentialAction":[{"@type":"ReadAction","target":["http:\/\/studio-504.com\/index.php\/materiel\/"]}]},{"@type":"BreadcrumbList","@id":"http:\/\/studio-504.com\/index.php\/materiel\/#breadcrumb","itemListElement":[{"@type":"ListItem","position":1,"name":"Accueil","item":"https:\/\/studio-504.com\/"},{"@type":"ListItem","position":2,"name":"Mat\u00e9riel"}]},{"@type":"WebSite","@id":"https:\/\/studio-504.com\/#website","url":"https:\/\/studio-504.com\/","name":"Studio-504","description":"L&#039;authentique studio d&#039;enregistrement bordelais","publisher":{"@id":"https:\/\/studio-504.com\/#organization"},"potentialAction":[{"@type":"SearchAction","target":{"@type":"EntryPoint","urlTemplate":"https:\/\/studio-504.com\/?s={search_term_string}"},"query-input":"required name=search_term_string"}],"inLanguage":"en-US"},{"@type":"Organization","@id":"https:\/\/studio-504.com\/#organization","name":"Studio-504","url":"https:\/\/studio-504.com\/","logo":{"@type":"ImageObject","inLanguage":"en-US","@id":"https:\/\/studio-504.com\/#\/schema\/logo\/image\/","url":"https:\/\/studio-504.com\/wp-content\/uploads\/2023\/11\/logo_studio-504.png","contentUrl":"https:\/\/studio-504.com\/wp-content\/uploads\/2023\/11\/logo_studio-504.png","width":3401,"height":2001,"caption":"Studio-504"},"image":{"@id":"https:\/\/studio-504.com\/#\/schema\/logo\/image\/"}}]}},"_links":{"self":[{"href":"https:\/\/studio-504.com\/index.php\/wp-json\/wp\/v2\/pages\/20","targetHints":{"allow":["GET"]}}],"collection":[{"href":"https:\/\/studio-504.com\/index.php\/wp-json\/wp\/v2\/pages"}],"about":[{"href":"https:\/\/studio-504.com\/index.php\/wp-json\/wp\/v2\/types\/page"}],"author":[{"embeddable":true,"href":"https:\/\/studio-504.com\/index.php\/wp-json\/wp\/v2\/users\/2"}],"replies":[{"embeddable":true,"href":"https:\/\/studio-504.com\/index.php\/wp-json\/wp\/v2\/comments?post=20"}],"version-history":[{"count":6,"href":"https:\/\/studio-504.com\/index.php\/wp-json\/wp\/v2\/pages\/20\/revisions"}],"predecessor-version":[{"id":290,"href":"https:\/\/studio-504.com\/index.php\/wp-json\/wp\/v2\/pages\/20\/revisions\/290"}],"wp:attachment":[{"href":"https:\/\/studio-504.com\/index.php\/wp-json\/wp\/v2\/media?parent=20"}],"curies":[{"name":"wp","href":"https:\/\/api.w.org\/{rel}","templated":true}]}}