{"id":22,"date":"2023-11-23T16:05:25","date_gmt":"2023-11-23T15:05:25","guid":{"rendered":"http:\/\/studio-504.com\/?page_id=22"},"modified":"2023-12-13T16:05:00","modified_gmt":"2023-12-13T15:05:00","slug":"contact","status":"publish","type":"page","link":"https:\/\/studio-504.com\/index.php\/contact\/","title":{"rendered":"Contact"},"content":{"rendered":"<div  data-label=\"Contact\" data-id=\"contact--4\" data-export-id=\"contact-5\" data-category=\"contact\" class=\"contact-5 content-section content-section-spacing\" id=\"contact-4\" style=\"background-color: rgb(255, 255, 255);\"><div  class=\"gridContainer\"> <div  class=\"row text-center\"><div  class=\"section-title-col\" data-type=\"column\">  <p  class=\"lead\">Pour toutes questions ou informations, n\u2019h\u00e9sitez pas \u00e0 rentrer en contact avec nous via le formulaire ou les informations pr\u00e9sentes ci-dessous.\n<br ><br ><span  style=\"font-weight: 600;\">Horaire du studio : 10h \u2013 18h mercredi \/ vendredi \/ samedi<\/span><\/p><\/div> <\/div> <div  class=\"row middle-sm\"> <div  class=\"col-xs-12 col-sm-6 image-holder space-bottom-xs\"> <img  decoding=\"async\" src=\"http:\/\/studio-504.com\/wp-content\/uploads\/2023\/11\/studio-13.jpg\" title=\"studio-13\" alt=\"Contact studio d'enregistrement bordeaux\"><\/div> <div  class=\"col-xs-12 col-sm-6\"><div  class=\"row middle-sm\"> <div  data-type=\"column\" class=\"col-xs-12 space-bottom-small\"><h3  class=\"color1\">Contact Studio-504&nbsp;<\/h3><\/div> <\/div> <div  class=\"row middle-sm\" data-type=\"row\"> <div  class=\"col-xs-12 space-bottom-small\"> <div  class=\"row\"> <div  data-type=\"column\" class=\"col-xs-12 col-sm-fit label-col\"> <h5  class=\"\">Adresse:<\/h5><\/div> <div  data-type=\"column\" class=\"col-xs-12 col-sm\"><p  class=\"\">Barri\u00e8re de Pessac<\/p><\/div> <\/div><\/div> <div  class=\"col-xs-12 space-bottom-small\"><div  class=\"row\"> <div  data-type=\"column\" class=\"col-xs-12 col-sm-fit label-col\"><h5  class=\"\">T\u00e9l\u00e9phone :<\/h5><\/div> <div  data-type=\"column\" class=\"col-xs-12 col-sm\"><p  class=\"\">+ 33 6 77 86 97 64<\/p><\/div> <\/div><\/div> <div  class=\"col-xs-12 space-bottom-small\"><div  class=\"row\"> <div  data-type=\"column\" class=\"col-xs-12 col-sm-fit label-col\"><h5  class=\"\">Email:<\/h5><\/div> <div  data-type=\"column\" class=\"col-xs-12 col-sm\"><a href=\"mailto:\" class=\"\" target=\"_self\" data-cp-link=\"1\" rel=\"noopener\">olivier@studio-504.com<\/a><\/div> <\/div><\/div> <div  class=\"col-xs-12 space-bottom-small\"><div  class=\"row\"> <div  data-type=\"column\" class=\"col-xs-12 col-sm-fit label-col\"><h5  class=\"\">Suivez-nous:<\/h5><\/div> <div  data-type=\"column\" class=\"col-xs-12 col-sm\"><div  data-type=\"group\" class=\"\"> <a href=\"https:\/\/www.youtube.com\/@studio-504\" target=\"_blank\" rel=\"noopener\" class=\"\"><i  class=\"fa icon fa-youtube-play color1\"><\/i><\/a> <a href=\"https:\/\/www.facebook.com\/LABEL504\" target=\"_self\" rel=\"noopener\" class=\"\"><i  class=\"fa icon fa-facebook-square color1\"><\/i><\/a> <a href=\"https:\/\/www.instagram.com\/ovedelfactory?utm_source=ig_web_button_share_sheet&amp;igshid=MmVlMjlkMTBhMg\" target=\"_self\" rel=\"noopener\" class=\"\"><i  class=\"fa icon fa-instagram color1\"><\/i><\/a> <a href=\"https:\/\/www.linkedin.com\/company\/studio-504ovedel\" target=\"_self\" rel=\"noopener\" class=\"\"><i  class=\"fa icon fa-linkedin-square color1\"><\/i><\/a><\/div> <\/div><\/div> <\/div><\/div> <\/div><\/div> <\/div><\/div><div  id=\"contact-1\" class=\"contact-1 content-section content-section-spacing white-text\" style=\"background-color: #ffffff;\" data-label=\"Contact\" data-id=\"contact--1\" data-export-id=\"contact-1\" data-category=\"contact\" data-parallax-depth=\"20\">\n<div  class=\"gridContainer\">\n<div  class=\"row text-center\">\n<div  class=\"section-title-col\" data-type=\"column\">\n<h2  class=\"\">Contactez-nous<\/h2>\n<p  class=\"lead\">Pour des r\u00e9ponses personnalis\u00e9s sur nos services ou pour r\u00e9servez une session, n\u2019h\u00e9sitez pas \u00e0 nous contacter en utilisant ce formulaire de contact ou bien directement au t\u00e9l\u00e9phone\n<br >Plus d&#8217;information sur nos services <span style=\"font-weight: 700;\" ><a data-mce-href=\"https:\/\/studio-504.com\/index.php\/services\/\" href=\"https:\/\/studio-504.com\/index.php\/services\/\" target=\"_self\" data-mce-selected=\"inline-boundary\" data-cp-link=\"1\" rel=\"noopener\">ici<\/a><span style=\"font-weight: 300;\" >.<\/span><\/span><\/p>\n\n<\/div>\n<\/div>\n<div  class=\"row text-center\">\n<div  class=\"col-xs-12 col-sm-8 col-sm-offset-2 contact-form-wrapper inline-info\">\n<div  class=\"card large-padding\">\n<div  class=\"\" data-content-shortcode=\"mesmerize_contact_form shortcode=&quot;contact-form-7 id=&amp;amp;quot;7776152&amp;amp;quot; title=&amp;amp;quot;Formulaire de contact 1&amp;amp;quot;&quot;\" data-editable=\"true\">\n<div class=\"wpcf7 no-js\" id=\"wpcf7-f69-o1\" lang=\"fr-FR\" dir=\"ltr\">\n<div class=\"screen-reader-response\"><p role=\"status\" aria-live=\"polite\" aria-atomic=\"true\"><\/p> <ul><\/ul><\/div>\n<form action=\"\/index.php\/wp-json\/wp\/v2\/pages\/22#wpcf7-f69-o1\" method=\"post\" class=\"wpcf7-form init\" aria-label=\"Formulaire de contact\" novalidate=\"novalidate\" data-status=\"init\">\n<div style=\"display: none;\">\n<input type=\"hidden\" name=\"_wpcf7\" value=\"69\" \/>\n<input type=\"hidden\" name=\"_wpcf7_version\" value=\"5.8.5\" \/>\n<input type=\"hidden\" name=\"_wpcf7_locale\" value=\"fr_FR\" \/>\n<input type=\"hidden\" name=\"_wpcf7_unit_tag\" value=\"wpcf7-f69-o1\" \/>\n<input type=\"hidden\" name=\"_wpcf7_container_post\" value=\"0\" \/>\n<input type=\"hidden\" name=\"_wpcf7_posted_data_hash\" value=\"\" \/>\n<\/div>\n<p><label> Votre nom<br \/>\n<span class=\"wpcf7-form-control-wrap\" data-name=\"your-name\"><input size=\"40\" class=\"wpcf7-form-control wpcf7-text wpcf7-validates-as-required\" aria-required=\"true\" aria-invalid=\"false\" value=\"\" type=\"text\" name=\"your-name\" \/><\/span> <\/label>\n<\/p>\n<p><label> Votre e-mail<br \/>\n<span class=\"wpcf7-form-control-wrap\" data-name=\"your-email\"><input size=\"40\" class=\"wpcf7-form-control wpcf7-email wpcf7-validates-as-required wpcf7-text wpcf7-validates-as-email\" aria-required=\"true\" aria-invalid=\"false\" value=\"\" type=\"email\" name=\"your-email\" \/><\/span> <\/label>\n<\/p>\n<p><label> Objet<br \/>\n<span class=\"wpcf7-form-control-wrap\" data-name=\"your-subject\"><input size=\"40\" class=\"wpcf7-form-control wpcf7-text wpcf7-validates-as-required\" aria-required=\"true\" aria-invalid=\"false\" value=\"\" type=\"text\" name=\"your-subject\" \/><\/span> <\/label>\n<\/p>\n<p><label> Votre message<br \/>\n<span class=\"wpcf7-form-control-wrap\" data-name=\"your-message\"><textarea cols=\"40\" rows=\"10\" class=\"wpcf7-form-control wpcf7-textarea\" aria-invalid=\"false\" name=\"your-message\"><\/textarea><\/span> <\/label>\n<\/p>\n<p><input class=\"wpcf7-form-control wpcf7-submit has-spinner\" type=\"submit\" value=\"Envoyer\" \/>\n<\/p><p style=\"display: none !important;\"><label>&#916;<textarea name=\"_wpcf7_ak_hp_textarea\" cols=\"45\" rows=\"8\" maxlength=\"100\"><\/textarea><\/label><input type=\"hidden\" id=\"ak_js_1\" name=\"_wpcf7_ak_js\" value=\"185\"\/><script>document.getElementById( \"ak_js_1\" ).setAttribute( \"value\", ( new Date() ).getTime() );<\/script><\/p><input type='hidden' class='wpcf7-pum' value='{\"closepopup\":false,\"closedelay\":0,\"openpopup\":false,\"openpopup_id\":0}' \/><div class=\"wpcf7-response-output\" aria-hidden=\"true\"><\/div>\n<\/form>\n<\/div>\n<\/div>\n<\/div>\n<\/div>\n<\/div>\n<\/div>\n<\/div>","protected":false},"excerpt":{"rendered":"<p>Pour toutes questions ou informations, n\u2019h\u00e9sitez pas \u00e0 rentrer en contact avec nous via le formulaire ou les informations pr\u00e9sentes ci-dessous. Horaire du studio : 10h \u2013 18h mercredi \/ vendredi \/ samedi Contact Studio-504&nbsp; Adresse: Barri\u00e8re de Pessac T\u00e9l\u00e9phone : + 33 6 77 86 97 64 Email: olivier@studio-504.com Suivez-nous: Contactez-nous Pour des r\u00e9ponses&hellip; <br \/> <a class=\"read-more\" href=\"https:\/\/studio-504.com\/index.php\/contact\/\">Read more<\/a><\/p>\n","protected":false},"author":2,"featured_media":0,"parent":0,"menu_order":0,"comment_status":"closed","ping_status":"closed","template":"pro\/page-templates\/full-width-page.php","meta":{"footnotes":""},"class_list":["post-22","page","type-page","status-publish","hentry"],"yoast_head":"<!-- This site is optimized with the Yoast SEO plugin v21.5 - https:\/\/yoast.com\/wordpress\/plugins\/seo\/ -->\n<title>Contact - Studio-504<\/title>\n<meta name=\"description\" content=\"Contact Studio-504 studio d&#039;enregistrement bordelais - Barri\u00e8re de Pessac - horaire : 10h - 18h mercredi \/ vendredi \/ samedi\" \/>\n<meta name=\"robots\" content=\"index, follow, max-snippet:-1, max-image-preview:large, max-video-preview:-1\" \/>\n<link rel=\"canonical\" href=\"https:\/\/studio-504.com\/index.php\/contact\/\" \/>\n<meta property=\"og:locale\" content=\"en_US\" \/>\n<meta property=\"og:type\" content=\"article\" \/>\n<meta property=\"og:title\" content=\"Contact - Studio-504\" \/>\n<meta property=\"og:description\" content=\"Contact Studio-504 studio d&#039;enregistrement bordelais - Barri\u00e8re de Pessac - horaire : 10h - 18h mercredi \/ vendredi \/ samedi\" \/>\n<meta property=\"og:url\" content=\"https:\/\/studio-504.com\/index.php\/contact\/\" \/>\n<meta property=\"og:site_name\" content=\"Studio-504\" \/>\n<meta property=\"article:modified_time\" content=\"2023-12-13T15:05:00+00:00\" \/>\n<meta property=\"og:image\" content=\"http:\/\/studio-504.com\/wp-content\/uploads\/2023\/11\/studio-13.jpg\" \/>\n<meta name=\"twitter:card\" content=\"summary_large_image\" \/>\n<meta name=\"twitter:label1\" content=\"Est. reading time\" \/>\n\t<meta name=\"twitter:data1\" content=\"1 minute\" \/>\n<script type=\"application\/ld+json\" class=\"yoast-schema-graph\">{\"@context\":\"https:\/\/schema.org\",\"@graph\":[{\"@type\":\"WebPage\",\"@id\":\"https:\/\/studio-504.com\/index.php\/contact\/\",\"url\":\"https:\/\/studio-504.com\/index.php\/contact\/\",\"name\":\"Contact - Studio-504\",\"isPartOf\":{\"@id\":\"https:\/\/studio-504.com\/#website\"},\"datePublished\":\"2023-11-23T15:05:25+00:00\",\"dateModified\":\"2023-12-13T15:05:00+00:00\",\"description\":\"Contact Studio-504 studio d'enregistrement bordelais - Barri\u00e8re de Pessac - horaire : 10h - 18h mercredi \/ vendredi \/ samedi\",\"breadcrumb\":{\"@id\":\"https:\/\/studio-504.com\/index.php\/contact\/#breadcrumb\"},\"inLanguage\":\"en-US\",\"potentialAction\":[{\"@type\":\"ReadAction\",\"target\":[\"https:\/\/studio-504.com\/index.php\/contact\/\"]}]},{\"@type\":\"BreadcrumbList\",\"@id\":\"https:\/\/studio-504.com\/index.php\/contact\/#breadcrumb\",\"itemListElement\":[{\"@type\":\"ListItem\",\"position\":1,\"name\":\"Accueil\",\"item\":\"https:\/\/studio-504.com\/\"},{\"@type\":\"ListItem\",\"position\":2,\"name\":\"Contact\"}]},{\"@type\":\"WebSite\",\"@id\":\"https:\/\/studio-504.com\/#website\",\"url\":\"https:\/\/studio-504.com\/\",\"name\":\"Studio-504\",\"description\":\"L&#039;authentique studio d&#039;enregistrement bordelais\",\"publisher\":{\"@id\":\"https:\/\/studio-504.com\/#organization\"},\"potentialAction\":[{\"@type\":\"SearchAction\",\"target\":{\"@type\":\"EntryPoint\",\"urlTemplate\":\"https:\/\/studio-504.com\/?s={search_term_string}\"},\"query-input\":\"required name=search_term_string\"}],\"inLanguage\":\"en-US\"},{\"@type\":\"Organization\",\"@id\":\"https:\/\/studio-504.com\/#organization\",\"name\":\"Studio-504\",\"url\":\"https:\/\/studio-504.com\/\",\"logo\":{\"@type\":\"ImageObject\",\"inLanguage\":\"en-US\",\"@id\":\"https:\/\/studio-504.com\/#\/schema\/logo\/image\/\",\"url\":\"https:\/\/studio-504.com\/wp-content\/uploads\/2023\/11\/logo_studio-504.png\",\"contentUrl\":\"https:\/\/studio-504.com\/wp-content\/uploads\/2023\/11\/logo_studio-504.png\",\"width\":3401,\"height\":2001,\"caption\":\"Studio-504\"},\"image\":{\"@id\":\"https:\/\/studio-504.com\/#\/schema\/logo\/image\/\"}}]}<\/script>\n<!-- \/ Yoast SEO plugin. -->","yoast_head_json":{"title":"Contact - Studio-504","description":"Contact Studio-504 studio d'enregistrement bordelais - Barri\u00e8re de Pessac - horaire : 10h - 18h mercredi \/ vendredi \/ samedi","robots":{"index":"index","follow":"follow","max-snippet":"max-snippet:-1","max-image-preview":"max-image-preview:large","max-video-preview":"max-video-preview:-1"},"canonical":"https:\/\/studio-504.com\/index.php\/contact\/","og_locale":"en_US","og_type":"article","og_title":"Contact - Studio-504","og_description":"Contact Studio-504 studio d'enregistrement bordelais - Barri\u00e8re de Pessac - horaire : 10h - 18h mercredi \/ vendredi \/ samedi","og_url":"https:\/\/studio-504.com\/index.php\/contact\/","og_site_name":"Studio-504","article_modified_time":"2023-12-13T15:05:00+00:00","og_image":[{"url":"http:\/\/studio-504.com\/wp-content\/uploads\/2023\/11\/studio-13.jpg"}],"twitter_card":"summary_large_image","twitter_misc":{"Est. reading time":"1 minute"},"schema":{"@context":"https:\/\/schema.org","@graph":[{"@type":"WebPage","@id":"https:\/\/studio-504.com\/index.php\/contact\/","url":"https:\/\/studio-504.com\/index.php\/contact\/","name":"Contact - Studio-504","isPartOf":{"@id":"https:\/\/studio-504.com\/#website"},"datePublished":"2023-11-23T15:05:25+00:00","dateModified":"2023-12-13T15:05:00+00:00","description":"Contact Studio-504 studio d'enregistrement bordelais - Barri\u00e8re de Pessac - horaire : 10h - 18h mercredi \/ vendredi \/ samedi","breadcrumb":{"@id":"https:\/\/studio-504.com\/index.php\/contact\/#breadcrumb"},"inLanguage":"en-US","potentialAction":[{"@type":"ReadAction","target":["https:\/\/studio-504.com\/index.php\/contact\/"]}]},{"@type":"BreadcrumbList","@id":"https:\/\/studio-504.com\/index.php\/contact\/#breadcrumb","itemListElement":[{"@type":"ListItem","position":1,"name":"Accueil","item":"https:\/\/studio-504.com\/"},{"@type":"ListItem","position":2,"name":"Contact"}]},{"@type":"WebSite","@id":"https:\/\/studio-504.com\/#website","url":"https:\/\/studio-504.com\/","name":"Studio-504","description":"L&#039;authentique studio d&#039;enregistrement bordelais","publisher":{"@id":"https:\/\/studio-504.com\/#organization"},"potentialAction":[{"@type":"SearchAction","target":{"@type":"EntryPoint","urlTemplate":"https:\/\/studio-504.com\/?s={search_term_string}"},"query-input":"required name=search_term_string"}],"inLanguage":"en-US"},{"@type":"Organization","@id":"https:\/\/studio-504.com\/#organization","name":"Studio-504","url":"https:\/\/studio-504.com\/","logo":{"@type":"ImageObject","inLanguage":"en-US","@id":"https:\/\/studio-504.com\/#\/schema\/logo\/image\/","url":"https:\/\/studio-504.com\/wp-content\/uploads\/2023\/11\/logo_studio-504.png","contentUrl":"https:\/\/studio-504.com\/wp-content\/uploads\/2023\/11\/logo_studio-504.png","width":3401,"height":2001,"caption":"Studio-504"},"image":{"@id":"https:\/\/studio-504.com\/#\/schema\/logo\/image\/"}}]}},"_links":{"self":[{"href":"https:\/\/studio-504.com\/index.php\/wp-json\/wp\/v2\/pages\/22","targetHints":{"allow":["GET"]}}],"collection":[{"href":"https:\/\/studio-504.com\/index.php\/wp-json\/wp\/v2\/pages"}],"about":[{"href":"https:\/\/studio-504.com\/index.php\/wp-json\/wp\/v2\/types\/page"}],"author":[{"embeddable":true,"href":"https:\/\/studio-504.com\/index.php\/wp-json\/wp\/v2\/users\/2"}],"replies":[{"embeddable":true,"href":"https:\/\/studio-504.com\/index.php\/wp-json\/wp\/v2\/comments?post=22"}],"version-history":[{"count":12,"href":"https:\/\/studio-504.com\/index.php\/wp-json\/wp\/v2\/pages\/22\/revisions"}],"predecessor-version":[{"id":301,"href":"https:\/\/studio-504.com\/index.php\/wp-json\/wp\/v2\/pages\/22\/revisions\/301"}],"wp:attachment":[{"href":"https:\/\/studio-504.com\/index.php\/wp-json\/wp\/v2\/media?parent=22"}],"curies":[{"name":"wp","href":"https:\/\/api.w.org\/{rel}","templated":true}]}}