{"id":24,"date":"2023-11-27T09:40:35","date_gmt":"2023-11-27T08:40:35","guid":{"rendered":"http:\/\/studio-504.com\/index.php\/mesmerize\/"},"modified":"2025-08-21T17:02:18","modified_gmt":"2025-08-21T15:02:18","slug":"accueil","status":"publish","type":"page","link":"https:\/\/studio-504.com\/","title":{"rendered":"Accueil"},"content":{"rendered":"<div id=\"features-4\" class=\"features-12-card-bordered-colored content-section content-section-spacing \" style=\"background-color: #f5fafd;\" data-label=\"Features\" data-id=\"features--1\" data-export-id=\"features-12-card-bordered-colored\" data-category=\"features\">\n<div class=\"gridContainer\">\n<div class=\"row text-center\">\n<div class=\"section-title-col\" data-type=\"column\">\n<h2 class=\"\">Des services aux petits oignons<\/h2>\n<p class=\"lead\">Fort de nos 11 ann\u00e9es dans le milieu en tant que studio d\u2019enregistrement, nous vous proposons divers services allant de l\u2019enregistrement au mixage de votre chanson. Chaque personne est unique, donc notre prestation doit l\u2019\u00eatre en cons\u00e9quence.\n\nC\u2019est pourquoi, pour des tarifs fixes, nous vous proposons le meilleur mat\u00e9riel et la meilleur expertise.<\/p>\n\n<\/div>\n<\/div>\n<div class=\"row spaced-cols\" data-type=\"row\">\n<div class=\"col-xs-12 col-sm-6\">\n<div class=\"card row-card bottom-border-color2\">\n<div class=\"row\">\n<div class=\"col-sm-fit icon-column\"><\/div>\n<div class=\"col-sm\" data-type=\"column\">\n<h5 class=\"color2\">Enregistrement en studio<\/h5>\n<p class=\"\">Venez enregistrer vos projets dans notre cabine d\u00e9di\u00e9 avec du mat\u00e9riel adapt\u00e9 \u00e0 vos besoins.\nTarifs disponible <a class=\"\" href=\"index.php\/services\" target=\"_blank\" rel=\"noopener\">ici<\/a><\/p>\n\n<\/div>\n<\/div>\n<\/div>\n<\/div>\n<div class=\"col-xs-12 col-sm-6\">\n<div class=\"card row-card bottom-border-color2\">\n<div class=\"row\">\n<div class=\"col-sm-fit icon-column\"><\/div>\n<div class=\"col-sm\" data-type=\"column\">\n<h5 class=\"color2\">Mastering<\/h5>\n<p class=\"\">Sans un bon mastering, votre projet ne sera complet.\n\nAlors faites nous confiance pour le mastering<\/p>\n\n<\/div>\n<\/div>\n<\/div>\n<\/div>\n<div class=\"col-xs-12 col-sm-6\">\n<div class=\"card row-card bottom-border-color2\">\n<div class=\"row\">\n<div class=\"col-sm-fit icon-column\"><\/div>\n<div class=\"col-sm\" data-type=\"column\">\n<h5 class=\"color2\">Mixage<\/h5>\n<p class=\"\">Partie essentiel pour la cr\u00e9ation musical. Un mixage peut changer l\u2019int\u00e9gralit\u00e9 d\u2019une chanson, d\u2019o\u00f9 l\u2019int\u00e9r\u00eat de le faire faire par nos soins.<\/p>\n\n<\/div>\n<\/div>\n<\/div>\n<\/div>\n<div class=\"col-xs-12 col-sm-6\">\n<div class=\"card row-card bottom-border-color2\">\n<div class=\"row\">\n<div class=\"col-sm-fit icon-column\"><\/div>\n<div class=\"col-sm\" data-type=\"column\">\n<h5 class=\"color2\">Label-504<\/h5>\n<p class=\"\">Nous avons mont\u00e9 pour nos artistes notre propre label : le Label-504.\n\nContactez nous pour plus d\u2019information.<\/p>\n\n<\/div>\n<\/div>\n<\/div>\n<\/div>\n<\/div>\n<\/div>\n<\/div>\n<div id=\"team-1\" class=\"team-2 content-section content-section-spacing content-relative\" style=\"background-color: #f5fafd;\" data-label=\"Team\" data-id=\"team--1\" data-export-id=\"team-2\" data-category=\"team\">\n<div class=\"section-separator-top\"><\/div>\n<div class=\"gridContainer\">\n<div class=\"row text-center\">\n<div class=\"section-title-col\" data-type=\"column\">\n<h2 class=\"\">Nos artistes<\/h2>\n<\/div>\n<\/div>\n<div class=\"row spaced-cols content-center-sm\" data-type=\"row\">\n<div class=\"col-sm-6 col-md-3\">\n<div class=\"card y-move no-padding bordered\"><a class=\"\" href=\"https:\/\/studio-504.com\/index.php\/nos-artistes\" target=\"_self\" rel=\"noopener\" data-cp-link=\"1\"><img decoding=\"async\" class=\"face\" title=\"cropped-Eliphendre-1.png\" src=\"https:\/\/studio-504.com\/wp-content\/uploads\/2023\/11\/cropped-Eliphendre-1.png\" alt=\"Eliphendre\" \/><\/a>\n<div class=\"col-padding-small col-padding-small-xs description-container\" data-type=\"column\">\n<h4 class=\"font-500\">Eliphendre<\/h4>\n<div class=\"social-icons-group\" data-type=\"group\"><\/div>\n<\/div>\n<\/div>\n<\/div>\n<div class=\"col-sm-6 col-md-3\">\n<div class=\"card y-move no-padding bordered\"><a class=\"\" href=\"https:\/\/studio-504.com\/index.php\/nos-artistes\" target=\"_self\" rel=\"noopener\" data-cp-link=\"1\"><img decoding=\"async\" class=\"face\" title=\"cropped-Lyn-Anaba.png\" src=\"https:\/\/studio-504.com\/wp-content\/uploads\/2023\/11\/cropped-Lyn-Anaba.png\" alt=\"Lyn Anaba\" \/><\/a>\n<div class=\"col-padding-small col-padding-small-xs description-container\" data-type=\"column\">\n<h4 class=\"font-500\">Lyn Anaba<\/h4>\n<div class=\"social-icons-group\" data-type=\"group\"><\/div>\n<\/div>\n<\/div>\n<\/div>\n<div class=\"col-sm-6 col-md-3\">\n<div class=\"card y-move no-padding bordered\"><a class=\"\" href=\"https:\/\/studio-504.com\/index.php\/nos-artistes\" target=\"_self\" rel=\"noopener\" data-cp-link=\"1\"><img decoding=\"async\" class=\"face\" title=\"cropped-Jeroboams.jpg\" src=\"https:\/\/studio-504.com\/wp-content\/uploads\/2023\/11\/cropped-Jeroboams.jpg\" alt=\"Jeroboams\" \/><\/a>\n<div class=\"col-padding-small col-padding-small-xs description-container\" data-type=\"column\">\n<h4 class=\"font-500\">Andy &amp; Johnny<\/h4>\n<div class=\"social-icons-group\" data-type=\"group\"><\/div>\n<\/div>\n<\/div>\n<\/div>\n<div class=\"col-sm-6 col-md-3\">\n<div class=\"card y-move no-padding bordered\"><a class=\"\" href=\"https:\/\/studio-504.com\/index.php\/nos-artistes\" target=\"_self\" rel=\"noopener\" data-cp-link=\"1\"><img decoding=\"async\" class=\"face\" title=\"cropped-xi-liu.jpg\" src=\"https:\/\/studio-504.com\/wp-content\/uploads\/2023\/11\/cropped-xi-liu.jpg\" alt=\"xi liu\" \/><\/a>\n<div class=\"col-padding-small col-padding-small-xs description-container\" data-type=\"column\">\n<h4 class=\"font-500\">Xi Liu<\/h4>\n<div class=\"social-icons-group\" data-type=\"group\"><\/div>\n<\/div>\n<\/div>\n<\/div>\n<\/div>\n<\/div>\n<\/div>\n<div id=\"content-14\" class=\"content-7 content-section content-section-spacing content-relative\" style=\"background-color: #f5fafd;\" data-label=\"Content\" data-id=\"content--1\" data-export-id=\"content-7\" data-category=\"content\">\n<div class=\"section-separator-top\"><\/div>\n<div class=\"gridContainer\">\n<div class=\"row middle-sm\">\n<div class=\"col-sm-6 space-bottom-xs\" data-type=\"column\">\n<h2 class=\"\">OVEDEL Laboratoire Audio\n\nNotre marque audio<\/h2>\n<p class=\"\" style=\"text-align: justify;\">\u00c0 travers nos nombreuses ann\u00e9es en tant que studio d\u2019enregistrement, nous avons mis en lumi\u00e8res des probl\u00e9matiques auquels les produits actuels ne pouvait pas r\u00e9pondre. C\u2019est pour cela que nous avons cr\u00e9er la marque OVEDEL, pour r\u00e9pondre \u00e0 nos besoins, et par extensions, au besoins d\u2019autres studios ou professionnels du secteur.<\/p>\nNous sommes fier de pouvoir utiliser nos produits tous les jours dans notre studio et nde pouvoir le proposer \u00e0 tous nos artistes, \u00e0 l\u2019instar des Neumann ou des Shures.\n\nCes m\u00eames produits sont disponible sur le site web de la marque : ovedelfactory.com\n\n<a class=\"button color1\" href=\"https:\/\/lcreashop.com\" target=\"_blank\" rel=\"noopener\" data-cp-link=\"1\" data-icon=\"\">D\u00e9couvrez la marque OVEDEL<\/a>\n\n<\/div>\n<div class=\"col-sm-6\" data-type=\"column\"><img decoding=\"async\" class=\"shadow-large\" title=\"Image-post-1\" src=\"https:\/\/studio-504.com\/wp-content\/uploads\/2023\/11\/Image-post-1.png\" alt=\"Studio-504 OVEDEL studio enregistrement bordeaux\" \/><\/div>\n<\/div>\n<\/div>\n<\/div>\n<div id=\"content-15\" class=\"content-15 content-section content-section-spacing\" style=\"background-color: #f5fafd;\" data-label=\"Content\" data-id=\"content--2\" data-export-id=\"content-15\" data-category=\"content\">\n<div class=\"gridContainer\">\n<div class=\"row middle-sm\">\n<div class=\"col-sm-6 flexbox around-xs top-xs space-bottom-xs space-top-xs\">\n<div class=\"overlay-box flexbox middle-xs center-xs overlay-holder\">\n<div class=\"overlay-box-offset offset-border shadow-medium border-color2 hide-xs\"><\/div>\n<img loading=\"lazy\" decoding=\"async\" class=\"alignnone size-medium wp-image-335\" src=\"http:\/\/studio-504.com\/wp-content\/uploads\/2025\/08\/M11-condition-300x300.jpg\" alt=\"\" width=\"300\" height=\"300\" srcset=\"https:\/\/studio-504.com\/wp-content\/uploads\/2025\/08\/M11-condition-300x300.jpg 300w, https:\/\/studio-504.com\/wp-content\/uploads\/2025\/08\/M11-condition-150x150.jpg 150w, https:\/\/studio-504.com\/wp-content\/uploads\/2025\/08\/M11-condition.jpg 500w\" sizes=\"auto, (max-width: 300px) 100vw, 300px\" \/><img loading=\"lazy\" decoding=\"async\" class=\"alignnone size-medium wp-image-336\" src=\"http:\/\/studio-504.com\/wp-content\/uploads\/2025\/08\/M5-condition-300x300.jpg\" alt=\"\" width=\"300\" height=\"300\" srcset=\"https:\/\/studio-504.com\/wp-content\/uploads\/2025\/08\/M5-condition-300x300.jpg 300w, https:\/\/studio-504.com\/wp-content\/uploads\/2025\/08\/M5-condition-150x150.jpg 150w, https:\/\/studio-504.com\/wp-content\/uploads\/2025\/08\/M5-condition.jpg 472w\" sizes=\"auto, (max-width: 300px) 100vw, 300px\" \/>\n\n<\/div>\n<\/div>\n<div class=\"col-sm-6\" data-type=\"column\">\n<h2 class=\"\">LCREA Paris, microphones fabriqu\u00e9s en France.<\/h2>\n<p class=\"\" style=\"text-align: justify;\"><span style=\"font-weight: 400;\">D\u00e9couvrez toute la gamme de microphones adapt\u00e9s \u00e0 votre instrument ou \u00e0 votre voix.<\/span><\/p>\n<a class=\"button color1\" href=\"https:\/\/lcrea.paris\" target=\"_self\" rel=\"noopener\" data-cp-link=\"1\" data-icon=\"\">D\u00e9couvrez les microphones<\/a>\n\n<\/div>\n<\/div>\n<\/div>\n<\/div>\n<div id=\"contact-1\" class=\"contact-1 content-section content-section-spacing white-text\" style=\"background-color: #ffffff;\" data-label=\"Contact\" data-id=\"contact--1\" data-export-id=\"contact-1\" data-category=\"contact\" data-parallax-depth=\"20\">\n<div class=\"gridContainer\">\n<div class=\"row text-center\">\n<div class=\"section-title-col\" data-type=\"column\">\n<h2 class=\"\">Contactez nous<\/h2>\n<p class=\"lead\">Pour plus d\u2019information sur nos services ou pour r\u00e9servez une session, n\u2019h\u00e9sitez pas \u00e0 nous contacter\n\nen utilisant ce formulaire de contact ou bien directement au t\u00e9l\u00e9phone<\/p>\n\n<\/div>\n<\/div>\n<div class=\"row text-center\">\n<div class=\"col-xs-12 col-sm-8 col-sm-offset-2 contact-form-wrapper inline-info\">\n<div class=\"card large-padding\">\n<div class=\"\" data-content-shortcode=\"mesmerize_contact_form shortcode=&quot;contact-form-7 id=&amp;amp;quot;7776152&amp;amp;quot; title=&amp;amp;quot;Formulaire de contact 1&amp;amp;quot;&quot;\" data-editable=\"true\">\n<div class=\"wpcf7 no-js\" id=\"wpcf7-f69-o1\" lang=\"fr-FR\" dir=\"ltr\">\n<div class=\"screen-reader-response\"><p role=\"status\" aria-live=\"polite\" aria-atomic=\"true\"><\/p> <ul><\/ul><\/div>\n<form action=\"\/index.php\/wp-json\/wp\/v2\/pages\/24#wpcf7-f69-o1\" method=\"post\" class=\"wpcf7-form init\" aria-label=\"Formulaire de contact\" novalidate=\"novalidate\" data-status=\"init\">\n<div style=\"display: none;\">\n<input type=\"hidden\" name=\"_wpcf7\" value=\"69\" \/>\n<input type=\"hidden\" name=\"_wpcf7_version\" value=\"5.8.5\" \/>\n<input type=\"hidden\" name=\"_wpcf7_locale\" value=\"fr_FR\" \/>\n<input type=\"hidden\" name=\"_wpcf7_unit_tag\" value=\"wpcf7-f69-o1\" \/>\n<input type=\"hidden\" name=\"_wpcf7_container_post\" value=\"0\" \/>\n<input type=\"hidden\" name=\"_wpcf7_posted_data_hash\" value=\"\" \/>\n<\/div>\n<p><label> Votre nom<br \/>\n<span class=\"wpcf7-form-control-wrap\" data-name=\"your-name\"><input size=\"40\" class=\"wpcf7-form-control wpcf7-text wpcf7-validates-as-required\" aria-required=\"true\" aria-invalid=\"false\" value=\"\" type=\"text\" name=\"your-name\" \/><\/span> <\/label>\n<\/p>\n<p><label> Votre e-mail<br \/>\n<span class=\"wpcf7-form-control-wrap\" data-name=\"your-email\"><input size=\"40\" class=\"wpcf7-form-control wpcf7-email wpcf7-validates-as-required wpcf7-text wpcf7-validates-as-email\" aria-required=\"true\" aria-invalid=\"false\" value=\"\" type=\"email\" name=\"your-email\" \/><\/span> <\/label>\n<\/p>\n<p><label> Objet<br \/>\n<span class=\"wpcf7-form-control-wrap\" data-name=\"your-subject\"><input size=\"40\" class=\"wpcf7-form-control wpcf7-text wpcf7-validates-as-required\" aria-required=\"true\" aria-invalid=\"false\" value=\"\" type=\"text\" name=\"your-subject\" \/><\/span> <\/label>\n<\/p>\n<p><label> Votre message<br \/>\n<span class=\"wpcf7-form-control-wrap\" data-name=\"your-message\"><textarea cols=\"40\" rows=\"10\" class=\"wpcf7-form-control wpcf7-textarea\" aria-invalid=\"false\" name=\"your-message\"><\/textarea><\/span> <\/label>\n<\/p>\n<p><input class=\"wpcf7-form-control wpcf7-submit has-spinner\" type=\"submit\" value=\"Envoyer\" \/>\n<\/p><p style=\"display: none !important;\"><label>&#916;<textarea name=\"_wpcf7_ak_hp_textarea\" cols=\"45\" rows=\"8\" maxlength=\"100\"><\/textarea><\/label><input type=\"hidden\" id=\"ak_js_1\" name=\"_wpcf7_ak_js\" value=\"112\"\/><script>document.getElementById( \"ak_js_1\" ).setAttribute( \"value\", ( new Date() ).getTime() );<\/script><\/p><input type='hidden' class='wpcf7-pum' value='{\"closepopup\":false,\"closedelay\":0,\"openpopup\":false,\"openpopup_id\":0}' \/><div class=\"wpcf7-response-output\" aria-hidden=\"true\"><\/div>\n<\/form>\n<\/div>\n<\/div>\n<\/div>\n<\/div>\n<\/div>\n<\/div>\n<\/div>","protected":false},"excerpt":{"rendered":"<p>Des services aux petits oignons Fort de nos 11 ann\u00e9es dans le milieu en tant que studio d\u2019enregistrement, nous vous proposons divers services allant de l\u2019enregistrement au mixage de votre chanson. Chaque personne est unique, donc notre prestation doit l\u2019\u00eatre en cons\u00e9quence. C\u2019est pourquoi, pour des tarifs fixes, nous vous proposons le meilleur mat\u00e9riel et&hellip; <br \/> <a class=\"read-more\" href=\"https:\/\/studio-504.com\/\">Read more<\/a><\/p>\n","protected":false},"author":2,"featured_media":11,"parent":0,"menu_order":0,"comment_status":"closed","ping_status":"closed","template":"page-templates\/homepage.php","meta":{"footnotes":""},"class_list":["post-24","page","type-page","status-publish","has-post-thumbnail","hentry"],"yoast_head":"<!-- This site is optimized with the Yoast SEO plugin v21.5 - https:\/\/yoast.com\/wordpress\/plugins\/seo\/ -->\n<title>Studio-504<\/title>\n<meta name=\"description\" content=\"Studio d&#039;enregistrement bordelais sp\u00e9cialis\u00e9 dans le mixage et le mastering. Accompagnement personalis\u00e9 pour tous les artistes. Label-504\" \/>\n<meta name=\"robots\" content=\"index, follow, max-snippet:-1, max-image-preview:large, max-video-preview:-1\" \/>\n<link rel=\"canonical\" href=\"https:\/\/studio-504.com\/\" \/>\n<meta property=\"og:locale\" content=\"en_US\" \/>\n<meta property=\"og:type\" content=\"article\" \/>\n<meta property=\"og:title\" content=\"Studio-504\" \/>\n<meta property=\"og:description\" content=\"Studio d&#039;enregistrement bordelais sp\u00e9cialis\u00e9 dans le mixage et le mastering. Accompagnement personalis\u00e9 pour tous les artistes. Label-504\" \/>\n<meta property=\"og:url\" content=\"https:\/\/studio-504.com\/\" \/>\n<meta property=\"og:site_name\" content=\"Studio-504\" \/>\n<meta property=\"article:modified_time\" content=\"2025-08-21T15:02:18+00:00\" \/>\n<meta property=\"og:image\" content=\"https:\/\/studio-504.com\/wp-content\/uploads\/2023\/11\/Image-post-1-833x1024.png\" \/>\n\t<meta property=\"og:image:width\" content=\"833\" \/>\n\t<meta property=\"og:image:height\" content=\"1024\" \/>\n\t<meta property=\"og:image:type\" content=\"image\/png\" \/>\n<meta name=\"twitter:card\" content=\"summary_large_image\" \/>\n<meta name=\"twitter:label1\" content=\"Est. reading time\" \/>\n\t<meta name=\"twitter:data1\" content=\"3 minutes\" \/>\n<script type=\"application\/ld+json\" class=\"yoast-schema-graph\">{\"@context\":\"https:\/\/schema.org\",\"@graph\":[{\"@type\":\"WebPage\",\"@id\":\"https:\/\/studio-504.com\/\",\"url\":\"https:\/\/studio-504.com\/\",\"name\":\"Studio-504\",\"isPartOf\":{\"@id\":\"https:\/\/studio-504.com\/#website\"},\"datePublished\":\"2023-11-27T08:40:35+00:00\",\"dateModified\":\"2025-08-21T15:02:18+00:00\",\"description\":\"Studio d'enregistrement bordelais sp\u00e9cialis\u00e9 dans le mixage et le mastering. Accompagnement personalis\u00e9 pour tous les artistes. Label-504\",\"breadcrumb\":{\"@id\":\"https:\/\/studio-504.com\/#breadcrumb\"},\"inLanguage\":\"en-US\",\"potentialAction\":[{\"@type\":\"ReadAction\",\"target\":[\"https:\/\/studio-504.com\/\"]}]},{\"@type\":\"BreadcrumbList\",\"@id\":\"https:\/\/studio-504.com\/#breadcrumb\",\"itemListElement\":[{\"@type\":\"ListItem\",\"position\":1,\"name\":\"Accueil\",\"item\":\"https:\/\/studio-504.com\/\"},{\"@type\":\"ListItem\",\"position\":2,\"name\":\"Accueil\"}]},{\"@type\":\"WebSite\",\"@id\":\"https:\/\/studio-504.com\/#website\",\"url\":\"https:\/\/studio-504.com\/\",\"name\":\"Studio-504\",\"description\":\"L&#039;authentique studio d&#039;enregistrement bordelais\",\"publisher\":{\"@id\":\"https:\/\/studio-504.com\/#organization\"},\"potentialAction\":[{\"@type\":\"SearchAction\",\"target\":{\"@type\":\"EntryPoint\",\"urlTemplate\":\"https:\/\/studio-504.com\/?s={search_term_string}\"},\"query-input\":\"required name=search_term_string\"}],\"inLanguage\":\"en-US\"},{\"@type\":\"Organization\",\"@id\":\"https:\/\/studio-504.com\/#organization\",\"name\":\"Studio-504\",\"url\":\"https:\/\/studio-504.com\/\",\"logo\":{\"@type\":\"ImageObject\",\"inLanguage\":\"en-US\",\"@id\":\"https:\/\/studio-504.com\/#\/schema\/logo\/image\/\",\"url\":\"https:\/\/studio-504.com\/wp-content\/uploads\/2023\/11\/logo_studio-504.png\",\"contentUrl\":\"https:\/\/studio-504.com\/wp-content\/uploads\/2023\/11\/logo_studio-504.png\",\"width\":3401,\"height\":2001,\"caption\":\"Studio-504\"},\"image\":{\"@id\":\"https:\/\/studio-504.com\/#\/schema\/logo\/image\/\"}}]}<\/script>\n<!-- \/ Yoast SEO plugin. -->","yoast_head_json":{"title":"Studio-504","description":"Studio d'enregistrement bordelais sp\u00e9cialis\u00e9 dans le mixage et le mastering. Accompagnement personalis\u00e9 pour tous les artistes. Label-504","robots":{"index":"index","follow":"follow","max-snippet":"max-snippet:-1","max-image-preview":"max-image-preview:large","max-video-preview":"max-video-preview:-1"},"canonical":"https:\/\/studio-504.com\/","og_locale":"en_US","og_type":"article","og_title":"Studio-504","og_description":"Studio d'enregistrement bordelais sp\u00e9cialis\u00e9 dans le mixage et le mastering. Accompagnement personalis\u00e9 pour tous les artistes. Label-504","og_url":"https:\/\/studio-504.com\/","og_site_name":"Studio-504","article_modified_time":"2025-08-21T15:02:18+00:00","og_image":[{"width":833,"height":1024,"url":"https:\/\/studio-504.com\/wp-content\/uploads\/2023\/11\/Image-post-1-833x1024.png","type":"image\/png"}],"twitter_card":"summary_large_image","twitter_misc":{"Est. reading time":"3 minutes"},"schema":{"@context":"https:\/\/schema.org","@graph":[{"@type":"WebPage","@id":"https:\/\/studio-504.com\/","url":"https:\/\/studio-504.com\/","name":"Studio-504","isPartOf":{"@id":"https:\/\/studio-504.com\/#website"},"datePublished":"2023-11-27T08:40:35+00:00","dateModified":"2025-08-21T15:02:18+00:00","description":"Studio d'enregistrement bordelais sp\u00e9cialis\u00e9 dans le mixage et le mastering. Accompagnement personalis\u00e9 pour tous les artistes. Label-504","breadcrumb":{"@id":"https:\/\/studio-504.com\/#breadcrumb"},"inLanguage":"en-US","potentialAction":[{"@type":"ReadAction","target":["https:\/\/studio-504.com\/"]}]},{"@type":"BreadcrumbList","@id":"https:\/\/studio-504.com\/#breadcrumb","itemListElement":[{"@type":"ListItem","position":1,"name":"Accueil","item":"https:\/\/studio-504.com\/"},{"@type":"ListItem","position":2,"name":"Accueil"}]},{"@type":"WebSite","@id":"https:\/\/studio-504.com\/#website","url":"https:\/\/studio-504.com\/","name":"Studio-504","description":"L&#039;authentique studio d&#039;enregistrement bordelais","publisher":{"@id":"https:\/\/studio-504.com\/#organization"},"potentialAction":[{"@type":"SearchAction","target":{"@type":"EntryPoint","urlTemplate":"https:\/\/studio-504.com\/?s={search_term_string}"},"query-input":"required name=search_term_string"}],"inLanguage":"en-US"},{"@type":"Organization","@id":"https:\/\/studio-504.com\/#organization","name":"Studio-504","url":"https:\/\/studio-504.com\/","logo":{"@type":"ImageObject","inLanguage":"en-US","@id":"https:\/\/studio-504.com\/#\/schema\/logo\/image\/","url":"https:\/\/studio-504.com\/wp-content\/uploads\/2023\/11\/logo_studio-504.png","contentUrl":"https:\/\/studio-504.com\/wp-content\/uploads\/2023\/11\/logo_studio-504.png","width":3401,"height":2001,"caption":"Studio-504"},"image":{"@id":"https:\/\/studio-504.com\/#\/schema\/logo\/image\/"}}]}},"_links":{"self":[{"href":"https:\/\/studio-504.com\/index.php\/wp-json\/wp\/v2\/pages\/24","targetHints":{"allow":["GET"]}}],"collection":[{"href":"https:\/\/studio-504.com\/index.php\/wp-json\/wp\/v2\/pages"}],"about":[{"href":"https:\/\/studio-504.com\/index.php\/wp-json\/wp\/v2\/types\/page"}],"author":[{"embeddable":true,"href":"https:\/\/studio-504.com\/index.php\/wp-json\/wp\/v2\/users\/2"}],"replies":[{"embeddable":true,"href":"https:\/\/studio-504.com\/index.php\/wp-json\/wp\/v2\/comments?post=24"}],"version-history":[{"count":39,"href":"https:\/\/studio-504.com\/index.php\/wp-json\/wp\/v2\/pages\/24\/revisions"}],"predecessor-version":[{"id":342,"href":"https:\/\/studio-504.com\/index.php\/wp-json\/wp\/v2\/pages\/24\/revisions\/342"}],"wp:featuredmedia":[{"embeddable":true,"href":"https:\/\/studio-504.com\/index.php\/wp-json\/wp\/v2\/media\/11"}],"wp:attachment":[{"href":"https:\/\/studio-504.com\/index.php\/wp-json\/wp\/v2\/media?parent=24"}],"curies":[{"name":"wp","href":"https:\/\/api.w.org\/{rel}","templated":true}]}}